{"id":19,"date":"2025-02-07T11:14:51","date_gmt":"2025-02-07T11:14:51","guid":{"rendered":"http:\/\/localhost\/finanix\/?page_id=19"},"modified":"2025-08-15T09:30:19","modified_gmt":"2025-08-15T09:30:19","slug":"contacto","status":"publish","type":"page","link":"https:\/\/capitalpropertyadvisor.co.mz\/en\/contacto\/","title":{"rendered":"CONTACT"},"content":{"rendered":"<div data-elementor-type=\"wp-page\" data-elementor-id=\"19\" class=\"elementor elementor-19\">\n\t\t\t\t\t\t<section class=\"elementor-section elementor-top-section elementor-element elementor-element-ed9a495 elementor-section-content-middle elementor-section-boxed elementor-section-height-default elementor-section-height-default\" data-id=\"ed9a495\" data-element_type=\"section\" data-e-type=\"section\" data-settings=\"{&quot;ekit_has_onepagescroll_dot&quot;:&quot;yes&quot;}\">\n\t\t\t\t\t\t<div class=\"elementor-container elementor-column-gap-default\">\n\t\t\t\t\t<div class=\"elementor-column elementor-col-50 elementor-top-column elementor-element elementor-element-ed105b9\" data-id=\"ed105b9\" data-element_type=\"column\" data-e-type=\"column\" data-settings=\"{&quot;background_background&quot;:&quot;classic&quot;}\">\n\t\t\t<div class=\"elementor-widget-wrap elementor-element-populated\">\n\t\t\t\t\t\t<div class=\"elementor-element elementor-element-cf00995 animated-slow elementor-invisible elementor-widget elementor-widget-image\" data-id=\"cf00995\" data-element_type=\"widget\" data-e-type=\"widget\" data-settings=\"{&quot;_animation&quot;:&quot;fadeIn&quot;,&quot;_animation_delay&quot;:500,&quot;ekit_we_effect_on&quot;:&quot;none&quot;}\" data-widget_type=\"image.default\">\n\t\t\t\t<div class=\"elementor-widget-container\">\n\t\t\t\t\t\t\t\t\t\t\t\t\t\t\t<img fetchpriority=\"high\" decoding=\"async\" width=\"580\" height=\"705\" src=\"https:\/\/capitalpropertyadvisor.co.mz\/wp-content\/uploads\/2025\/03\/Sobrenoss.jpg\" class=\"attachment-large size-large wp-image-6221\" alt=\"\" srcset=\"https:\/\/capitalpropertyadvisor.co.mz\/wp-content\/uploads\/2025\/03\/Sobrenoss.jpg 580w, https:\/\/capitalpropertyadvisor.co.mz\/wp-content\/uploads\/2025\/03\/Sobrenoss-247x300.jpg 247w, https:\/\/capitalpropertyadvisor.co.mz\/wp-content\/uploads\/2025\/03\/Sobrenoss-10x12.jpg 10w\" sizes=\"(max-width: 580px) 100vw, 580px\" \/>\t\t\t\t\t\t\t\t\t\t\t\t\t\t\t<\/div>\n\t\t\t\t<\/div>\n\t\t\t\t\t<\/div>\n\t\t<\/div>\n\t\t\t\t<div class=\"elementor-column elementor-col-50 elementor-top-column elementor-element elementor-element-61bc5c5\" data-id=\"61bc5c5\" data-element_type=\"column\" data-e-type=\"column\">\n\t\t\t<div class=\"elementor-widget-wrap elementor-element-populated\">\n\t\t\t\t\t\t<div class=\"elementor-element elementor-element-59dfc29 animated-slow elementor-invisible elementor-widget elementor-widget-react-heading\" data-id=\"59dfc29\" data-element_type=\"widget\" data-e-type=\"widget\" data-settings=\"{&quot;_animation&quot;:&quot;fadeIn&quot;,&quot;_animation_delay&quot;:600,&quot;ekit_we_effect_on&quot;:&quot;none&quot;}\" data-widget_type=\"react-heading.default\">\n\t\t\t\t<div class=\"elementor-widget-container\">\n\t\t\t\t\t        <div class=\"react-heading default\">\r\n        \t<div class=\"title-inner\">        \t\t      \t\t\r\n\t            <span class=\"sub-text\">FALE CONNOSCO<\/span><h2 class=\"title\"><span class=\"watermark\"><\/span>Pe\u00e7a j\u00e1 a sua avalia\u00e7\u00e3o personalizada<\/h2>\t        <\/div>\r\n\t                <\/div>\r\n        \t\t\t\t<\/div>\n\t\t\t\t<\/div>\n\t\t\t\t<div class=\"elementor-element elementor-element-2743363 animated-slow elementor-invisible elementor-widget elementor-widget-rt-cf7\" data-id=\"2743363\" data-element_type=\"widget\" data-e-type=\"widget\" data-settings=\"{&quot;_animation&quot;:&quot;fadeIn&quot;,&quot;_animation_delay&quot;:500,&quot;ekit_we_effect_on&quot;:&quot;none&quot;}\" data-widget_type=\"rt-cf7.default\">\n\t\t\t\t<div class=\"elementor-widget-container\">\n\t\t\t\t\t<div class=\"form_btn_\">\n<div class=\"wpcf7 no-js\" id=\"wpcf7-f2530-o1\" lang=\"en-US\" dir=\"ltr\" data-wpcf7-id=\"2530\">\n<div class=\"screen-reader-response\"><p role=\"status\" aria-live=\"polite\" aria-atomic=\"true\"><\/p> <ul><\/ul><\/div>\n<form action=\"\/en\/wp-json\/wp\/v2\/pages\/19#wpcf7-f2530-o1\" method=\"post\" class=\"wpcf7-form init\" aria-label=\"Contact form\" novalidate=\"novalidate\" data-status=\"init\" data-trp-original-action=\"\/en\/wp-json\/wp\/v2\/pages\/19#wpcf7-f2530-o1\">\n<fieldset class=\"hidden-fields-container\"><input type=\"hidden\" name=\"_wpcf7\" value=\"2530\" \/><input type=\"hidden\" name=\"_wpcf7_version\" value=\"6.1.5\" \/><input type=\"hidden\" name=\"_wpcf7_locale\" value=\"en_US\" \/><input type=\"hidden\" name=\"_wpcf7_unit_tag\" value=\"wpcf7-f2530-o1\" \/><input type=\"hidden\" name=\"_wpcf7_container_post\" value=\"0\" \/><input type=\"hidden\" name=\"_wpcf7_posted_data_hash\" value=\"\" \/>\n<\/fieldset>\n<div class=\"row contact-form\">\n\t<div class=\"col-lg-6 col-md-6\">\n\t\t<div class=\"input-box\">\n\t\t\t<p><span class=\"wpcf7-form-control-wrap\" data-name=\"your-name\"><input size=\"40\" maxlength=\"400\" class=\"wpcf7-form-control wpcf7-text wpcf7-validates-as-required\" aria-required=\"true\" aria-invalid=\"false\" placeholder=\"Name \/ Company\" value=\"\" type=\"text\" name=\"your-name\" \/><\/span>\n\t\t\t<\/p>\n\t\t<\/div>\n\t<\/div>\n\t<div class=\"col-lg-6 col-md-6\">\n\t\t<div class=\"input-box mail\">\n\t\t\t<p><span class=\"wpcf7-form-control-wrap\" data-name=\"your-email\"><input size=\"40\" maxlength=\"400\" class=\"wpcf7-form-control wpcf7-email wpcf7-validates-as-required wpcf7-text wpcf7-validates-as-email\" aria-required=\"true\" aria-invalid=\"false\" placeholder=\"Email\" value=\"\" type=\"email\" name=\"your-email\" \/><\/span>\n\t\t\t<\/p>\n\t\t<\/div>\n\t<\/div>\n\t<div class=\"col-lg-12 col-md-6\">\n\t\t<div class=\"input-box subject\">\n\t\t\t<p><span class=\"wpcf7-form-control-wrap\" data-name=\"your-subject\"><input size=\"40\" maxlength=\"400\" class=\"wpcf7-form-control wpcf7-text wpcf7-validates-as-required\" aria-required=\"true\" aria-invalid=\"false\" placeholder=\"Subject\" value=\"\" type=\"text\" name=\"your-subject\" \/><\/span>\n\t\t\t<\/p>\n\t\t<\/div>\n\t<\/div>\n\t<div class=\"col-12\">\n\t\t<div class=\"input-box text-area\">\n\t\t\t<p><span class=\"wpcf7-form-control-wrap\" data-name=\"your-message\"><textarea cols=\"40\" rows=\"10\" maxlength=\"2000\" class=\"wpcf7-form-control wpcf7-textarea\" aria-invalid=\"false\" placeholder=\"Message\" name=\"your-message\"><\/textarea><\/span>\n\t\t\t<\/p>\n\t\t<\/div>\n\t<\/div>\n\t<div class=\"col-12\">\n\t\t<p><input class=\"wpcf7-form-control wpcf7-submit has-spinner\" type=\"submit\" value=\"Send\" \/>\n\t\t<\/p>\n\t<\/div>\n<\/div><div class=\"wpcf7-response-output\" aria-hidden=\"true\"><\/div>\n<input type=\"hidden\" name=\"trp-form-language\" value=\"en\"\/><\/form>\n<\/div>\n<\/div>\t\t\t\t<\/div>\n\t\t\t\t<\/div>\n\t\t\t\t\t<\/div>\n\t\t<\/div>\n\t\t\t\t\t<\/div>\n\t\t<\/section>\n\t\t\t\t<section class=\"elementor-section elementor-top-section elementor-element elementor-element-0984f36 elementor-section-content-middle elementor-section-boxed elementor-section-height-default elementor-section-height-default\" data-id=\"0984f36\" data-element_type=\"section\" data-e-type=\"section\" data-settings=\"{&quot;ekit_has_onepagescroll_dot&quot;:&quot;yes&quot;}\">\n\t\t\t\t\t\t<div class=\"elementor-container elementor-column-gap-default\">\n\t\t\t\t\t<div class=\"elementor-column elementor-col-100 elementor-top-column elementor-element elementor-element-55ef40b\" data-id=\"55ef40b\" data-element_type=\"column\" data-e-type=\"column\">\n\t\t\t<div class=\"elementor-widget-wrap elementor-element-populated\">\n\t\t\t\t\t\t<section class=\"elementor-section elementor-inner-section elementor-element elementor-element-98efb21 elementor-section-boxed elementor-section-height-default elementor-section-height-default\" data-id=\"98efb21\" data-element_type=\"section\" data-e-type=\"section\" data-settings=\"{&quot;ekit_has_onepagescroll_dot&quot;:&quot;yes&quot;}\">\n\t\t\t\t\t\t<div class=\"elementor-container elementor-column-gap-extended\">\n\t\t\t\t\t<div class=\"elementor-column elementor-col-50 elementor-inner-column elementor-element elementor-element-b13430f elementor-invisible\" data-id=\"b13430f\" data-element_type=\"column\" data-e-type=\"column\" data-settings=\"{&quot;animation&quot;:&quot;fadeInLeft&quot;}\">\n\t\t\t<div class=\"elementor-widget-wrap elementor-element-populated\">\n\t\t\t\t\t\t<div class=\"elementor-element elementor-element-e46e277 elementor-widget elementor-widget-rt-service-grid\" data-id=\"e46e277\" data-element_type=\"widget\" data-e-type=\"widget\" data-settings=\"{&quot;ekit_we_effect_on&quot;:&quot;none&quot;}\" data-widget_type=\"rt-service-grid.default\">\n\t\t\t\t<div class=\"elementor-widget-container\">\n\t\t\t\t\t<div class=\"react-addon-services services-style1\">\r\n    <div class=\"services-part\">\r\n    \t\t\t    \t\t       \r\n\t    <div class=\"services-text style5\">\r\n\t    \t\t\t    \t<div class=\"services-title\">\t\r\n\t\t    \t\t\t\t    \t\t\t\t    \t\t\t<h2 class=\"title\"> CONTACT<\/h2>\r\n\t\t    \t\t\t\t\t\t    \t\t\r\n\t\t    \t<\/div>\r\n\t    \t\t\r\n\r\n\t    \t\t    \t\t<p class=\"services-txt\">  85 649 5027  |  87 954 8020 <br>\ngeral@capitalpropertyadvisor.co.mz<\/p>\t\r\n\t    \t\t\r\n\r\n\t    \t\r\n\t    <\/div>\r\n\t<\/div>\r\n<\/div>\t\t\t\t<\/div>\n\t\t\t\t<\/div>\n\t\t\t\t\t<\/div>\n\t\t<\/div>\n\t\t\t\t<div class=\"elementor-column elementor-col-50 elementor-inner-column elementor-element elementor-element-dc9cd5e elementor-invisible\" data-id=\"dc9cd5e\" data-element_type=\"column\" data-e-type=\"column\" data-settings=\"{&quot;animation&quot;:&quot;fadeInRight&quot;}\">\n\t\t\t<div class=\"elementor-widget-wrap elementor-element-populated\">\n\t\t\t\t\t\t<div class=\"elementor-element elementor-element-ca24bab elementor-widget elementor-widget-rt-service-grid\" data-id=\"ca24bab\" data-element_type=\"widget\" data-e-type=\"widget\" data-settings=\"{&quot;ekit_we_effect_on&quot;:&quot;none&quot;}\" data-widget_type=\"rt-service-grid.default\">\n\t\t\t\t<div class=\"elementor-widget-container\">\n\t\t\t\t\t<div class=\"react-addon-services services-style1\">\r\n    <div class=\"services-part\">\r\n    \t\t\t    \t\t       \r\n\t    <div class=\"services-text style5\">\r\n\t    \t\t\t    \t<div class=\"services-title\">\t\r\n\t\t    \t\t\t\t    \t\t\t\t    \t\t\t<h2 class=\"title\"> ADDRESS<\/h2>\r\n\t\t    \t\t\t\t\t\t    \t\t\r\n\t\t    \t<\/div>\r\n\t    \t\t\r\n\r\n\t    \t\t    \t\t<p class=\"services-txt\">  Rua de Tchamba, No. 54, Polana A District, Maputo, Mozambique<\/p>\t\r\n\t    \t\t\r\n\r\n\t    \t\r\n\t    <\/div>\r\n\t<\/div>\r\n<\/div>\t\t\t\t<\/div>\n\t\t\t\t<\/div>\n\t\t\t\t\t<\/div>\n\t\t<\/div>\n\t\t\t\t\t<\/div>\n\t\t<\/section>\n\t\t\t\t\t<\/div>\n\t\t<\/div>\n\t\t\t\t\t<\/div>\n\t\t<\/section>\n\t\t\t\t<section class=\"elementor-section elementor-top-section elementor-element elementor-element-a8dc22f elementor-section-full_width elementor-section-stretched animated-slow elementor-section-height-default elementor-section-height-default elementor-invisible\" data-id=\"a8dc22f\" data-element_type=\"section\" data-e-type=\"section\" data-settings=\"{&quot;stretch_section&quot;:&quot;section-stretched&quot;,&quot;animation&quot;:&quot;fadeIn&quot;,&quot;animation_delay&quot;:600,&quot;ekit_has_onepagescroll_dot&quot;:&quot;yes&quot;}\">\n\t\t\t\t\t\t<div class=\"elementor-container elementor-column-gap-default\">\n\t\t\t\t\t<div class=\"elementor-column elementor-col-100 elementor-top-column elementor-element elementor-element-9318637\" data-id=\"9318637\" data-element_type=\"column\" data-e-type=\"column\">\n\t\t\t<div class=\"elementor-widget-wrap elementor-element-populated\">\n\t\t\t\t\t\t<div class=\"elementor-element elementor-element-3688909 elementor-widget elementor-widget-google_maps\" data-id=\"3688909\" data-element_type=\"widget\" data-e-type=\"widget\" data-settings=\"{&quot;ekit_we_effect_on&quot;:&quot;none&quot;}\" data-widget_type=\"google_maps.default\">\n\t\t\t\t<div class=\"elementor-widget-container\">\n\t\t\t\t\t\t\t<div class=\"elementor-custom-embed\">\n\t\t\t<iframe loading=\"lazy\"\n\t\t\t\t\tsrc=\"https:\/\/maps.google.com\/maps?q=54%2C%201100%20Rua%20de%20Tchamba%2C%20Maputo%201100&#038;t=m&#038;z=18&#038;output=embed&#038;iwloc=near\"\n\t\t\t\t\ttitle=\"54, 1100 Rua de Tchamba, Maputo 1100\"\n\t\t\t\t\taria-label=\"54, 1100 Rua de Tchamba, Maputo 1100\"\n\t\t\t><\/iframe>\n\t\t<\/div>\n\t\t\t\t\t\t<\/div>\n\t\t\t\t<\/div>\n\t\t\t\t\t<\/div>\n\t\t<\/div>\n\t\t\t\t\t<\/div>\n\t\t<\/section>\n\t\t<div class=\"elementor-element elementor-element-d5b8b34 animated-slow e-flex e-con-boxed elementor-invisible e-con e-parent\" data-id=\"d5b8b34\" data-element_type=\"container\" data-e-type=\"container\" data-settings=\"{&quot;animation&quot;:&quot;fadeIn&quot;,&quot;animation_delay&quot;:600,&quot;ekit_has_onepagescroll_dot&quot;:&quot;yes&quot;}\">\n\t\t\t\t\t<div class=\"e-con-inner\">\n\t\t\t\t<div class=\"elementor-element elementor-element-0ff2fbc elementor-widget elementor-widget-image\" data-id=\"0ff2fbc\" data-element_type=\"widget\" data-e-type=\"widget\" data-settings=\"{&quot;ekit_we_effect_on&quot;:&quot;none&quot;}\" data-widget_type=\"image.default\">\n\t\t\t\t<div class=\"elementor-widget-container\">\n\t\t\t\t\t\t\t\t\t\t\t\t\t\t\t<img decoding=\"async\" src=\"https:\/\/capitalpropertyadvisor.co.mz\/wp-content\/uploads\/2025\/03\/IVSC2-RICS.png\" title=\"\" alt=\"\" loading=\"lazy\" \/>\t\t\t\t\t\t\t\t\t\t\t\t\t\t\t<\/div>\n\t\t\t\t<\/div>\n\t\t\t\t\t<\/div>\n\t\t\t\t<\/div>\n\t\t\t\t<\/div>","protected":false},"excerpt":{"rendered":"<p>FALE CONNOSCO Pe\u00e7a j\u00e1 a sua avalia\u00e7\u00e3o personalizada CONTACTO 85 649 5027 | 87 954 8020 geral@capitalpropertyadvisor.co.mz ENDERE\u00c7O Rua de Tchamba, n. 54, Bairro da Polana A Maputo, Mo\u00e7ambique<\/p>","protected":false},"author":1,"featured_media":0,"parent":0,"menu_order":0,"comment_status":"closed","ping_status":"closed","template":"","meta":{"footnotes":""},"class_list":["post-19","page","type-page","status-publish","hentry"],"yoast_head":"<!-- This site is optimized with the Yoast SEO plugin v27.0 - https:\/\/yoast.com\/product\/yoast-seo-wordpress\/ -->\n<title>CONTACTO - Capital Property Advisor - CPA<\/title>\n<meta name=\"robots\" content=\"index, follow, max-snippet:-1, max-image-preview:large, max-video-preview:-1\" \/>\n<link rel=\"canonical\" href=\"https:\/\/capitalpropertyadvisor.co.mz\/en\/contacto\/\" \/>\n<meta property=\"og:locale\" content=\"en_US\" \/>\n<meta property=\"og:type\" content=\"article\" \/>\n<meta property=\"og:title\" content=\"CONTACTO - Capital Property Advisor - CPA\" \/>\n<meta property=\"og:description\" content=\"FALE CONNOSCO Pe\u00e7a j\u00e1 a sua avalia\u00e7\u00e3o personalizada CONTACTO 85 649 5027 | 87 954 8020 geral@capitalpropertyadvisor.co.mz ENDERE\u00c7O Rua de Tchamba, n. 54, Bairro da Polana A Maputo, Mo\u00e7ambique\" \/>\n<meta property=\"og:url\" content=\"https:\/\/capitalpropertyadvisor.co.mz\/en\/contacto\/\" \/>\n<meta property=\"og:site_name\" content=\"Capital Property Advisor - CPA\" \/>\n<meta property=\"article:modified_time\" content=\"2025-08-15T09:30:19+00:00\" \/>\n<meta property=\"og:image\" content=\"https:\/\/capitalpropertyadvisor.co.mz\/wp-content\/uploads\/2025\/03\/Sobrenoss.jpg\" \/>\n\t<meta property=\"og:image:width\" content=\"580\" \/>\n\t<meta property=\"og:image:height\" content=\"705\" \/>\n\t<meta property=\"og:image:type\" content=\"image\/jpeg\" \/>\n<meta name=\"twitter:card\" content=\"summary_large_image\" \/>\n<meta name=\"twitter:label1\" content=\"Est. reading time\" \/>\n\t<meta name=\"twitter:data1\" content=\"1 minute\" \/>\n<script type=\"application\/ld+json\" class=\"yoast-schema-graph\">{\"@context\":\"https:\/\/schema.org\",\"@graph\":[{\"@type\":\"WebPage\",\"@id\":\"https:\/\/capitalpropertyadvisor.co.mz\/contacto\/\",\"url\":\"https:\/\/capitalpropertyadvisor.co.mz\/contacto\/\",\"name\":\"CONTACTO - Capital Property Advisor - CPA\",\"isPartOf\":{\"@id\":\"https:\/\/capitalpropertyadvisor.co.mz\/#website\"},\"primaryImageOfPage\":{\"@id\":\"https:\/\/capitalpropertyadvisor.co.mz\/contacto\/#primaryimage\"},\"image\":{\"@id\":\"https:\/\/capitalpropertyadvisor.co.mz\/contacto\/#primaryimage\"},\"thumbnailUrl\":\"https:\/\/capitalpropertyadvisor.co.mz\/wp-content\/uploads\/2025\/03\/Sobrenoss.jpg\",\"datePublished\":\"2025-02-07T11:14:51+00:00\",\"dateModified\":\"2025-08-15T09:30:19+00:00\",\"breadcrumb\":{\"@id\":\"https:\/\/capitalpropertyadvisor.co.mz\/contacto\/#breadcrumb\"},\"inLanguage\":\"en-US\",\"potentialAction\":[{\"@type\":\"ReadAction\",\"target\":[\"https:\/\/capitalpropertyadvisor.co.mz\/contacto\/\"]}]},{\"@type\":\"ImageObject\",\"inLanguage\":\"en-US\",\"@id\":\"https:\/\/capitalpropertyadvisor.co.mz\/contacto\/#primaryimage\",\"url\":\"https:\/\/capitalpropertyadvisor.co.mz\/wp-content\/uploads\/2025\/03\/Sobrenoss.jpg\",\"contentUrl\":\"https:\/\/capitalpropertyadvisor.co.mz\/wp-content\/uploads\/2025\/03\/Sobrenoss.jpg\"},{\"@type\":\"BreadcrumbList\",\"@id\":\"https:\/\/capitalpropertyadvisor.co.mz\/contacto\/#breadcrumb\",\"itemListElement\":[{\"@type\":\"ListItem\",\"position\":1,\"name\":\"In\u00edcio\",\"item\":\"https:\/\/capitalpropertyadvisor.co.mz\/\"},{\"@type\":\"ListItem\",\"position\":2,\"name\":\"CONTACTO\"}]},{\"@type\":\"WebSite\",\"@id\":\"https:\/\/capitalpropertyadvisor.co.mz\/#website\",\"url\":\"https:\/\/capitalpropertyadvisor.co.mz\/\",\"name\":\"Capital Property Advisor - CPA\",\"description\":\"O Valor real do seu activo come\u00e7a Aqui!\",\"publisher\":{\"@id\":\"https:\/\/capitalpropertyadvisor.co.mz\/#organization\"},\"potentialAction\":[{\"@type\":\"SearchAction\",\"target\":{\"@type\":\"EntryPoint\",\"urlTemplate\":\"https:\/\/capitalpropertyadvisor.co.mz\/?s={search_term_string}\"},\"query-input\":{\"@type\":\"PropertyValueSpecification\",\"valueRequired\":true,\"valueName\":\"search_term_string\"}}],\"inLanguage\":\"en-US\"},{\"@type\":\"Organization\",\"@id\":\"https:\/\/capitalpropertyadvisor.co.mz\/#organization\",\"name\":\"Capital Property Advisor - CPA\",\"url\":\"https:\/\/capitalpropertyadvisor.co.mz\/\",\"logo\":{\"@type\":\"ImageObject\",\"inLanguage\":\"en-US\",\"@id\":\"https:\/\/capitalpropertyadvisor.co.mz\/#\/schema\/logo\/image\/\",\"url\":\"https:\/\/capitalpropertyadvisor.co.mz\/wp-content\/uploads\/2025\/07\/LOGO.png\",\"contentUrl\":\"https:\/\/capitalpropertyadvisor.co.mz\/wp-content\/uploads\/2025\/07\/LOGO.png\",\"width\":1200,\"height\":310,\"caption\":\"Capital Property Advisor - CPA\"},\"image\":{\"@id\":\"https:\/\/capitalpropertyadvisor.co.mz\/#\/schema\/logo\/image\/\"}}]}<\/script>\n<!-- \/ Yoast SEO plugin. -->","yoast_head_json":{"title":"CONTACTO - Capital Property Advisor - CPA","robots":{"index":"index","follow":"follow","max-snippet":"max-snippet:-1","max-image-preview":"max-image-preview:large","max-video-preview":"max-video-preview:-1"},"canonical":"https:\/\/capitalpropertyadvisor.co.mz\/en\/contacto\/","og_locale":"en_US","og_type":"article","og_title":"CONTACTO - Capital Property Advisor - CPA","og_description":"FALE CONNOSCO Pe\u00e7a j\u00e1 a sua avalia\u00e7\u00e3o personalizada CONTACTO 85 649 5027 | 87 954 8020 geral@capitalpropertyadvisor.co.mz ENDERE\u00c7O Rua de Tchamba, n. 54, Bairro da Polana A Maputo, Mo\u00e7ambique","og_url":"https:\/\/capitalpropertyadvisor.co.mz\/en\/contacto\/","og_site_name":"Capital Property Advisor - CPA","article_modified_time":"2025-08-15T09:30:19+00:00","og_image":[{"width":580,"height":705,"url":"https:\/\/capitalpropertyadvisor.co.mz\/wp-content\/uploads\/2025\/03\/Sobrenoss.jpg","type":"image\/jpeg"}],"twitter_card":"summary_large_image","twitter_misc":{"Est. reading time":"1 minute"},"schema":{"@context":"https:\/\/schema.org","@graph":[{"@type":"WebPage","@id":"https:\/\/capitalpropertyadvisor.co.mz\/contacto\/","url":"https:\/\/capitalpropertyadvisor.co.mz\/contacto\/","name":"CONTACTO - Capital Property Advisor - CPA","isPartOf":{"@id":"https:\/\/capitalpropertyadvisor.co.mz\/#website"},"primaryImageOfPage":{"@id":"https:\/\/capitalpropertyadvisor.co.mz\/contacto\/#primaryimage"},"image":{"@id":"https:\/\/capitalpropertyadvisor.co.mz\/contacto\/#primaryimage"},"thumbnailUrl":"https:\/\/capitalpropertyadvisor.co.mz\/wp-content\/uploads\/2025\/03\/Sobrenoss.jpg","datePublished":"2025-02-07T11:14:51+00:00","dateModified":"2025-08-15T09:30:19+00:00","breadcrumb":{"@id":"https:\/\/capitalpropertyadvisor.co.mz\/contacto\/#breadcrumb"},"inLanguage":"en-US","potentialAction":[{"@type":"ReadAction","target":["https:\/\/capitalpropertyadvisor.co.mz\/contacto\/"]}]},{"@type":"ImageObject","inLanguage":"en-US","@id":"https:\/\/capitalpropertyadvisor.co.mz\/contacto\/#primaryimage","url":"https:\/\/capitalpropertyadvisor.co.mz\/wp-content\/uploads\/2025\/03\/Sobrenoss.jpg","contentUrl":"https:\/\/capitalpropertyadvisor.co.mz\/wp-content\/uploads\/2025\/03\/Sobrenoss.jpg"},{"@type":"BreadcrumbList","@id":"https:\/\/capitalpropertyadvisor.co.mz\/contacto\/#breadcrumb","itemListElement":[{"@type":"ListItem","position":1,"name":"In\u00edcio","item":"https:\/\/capitalpropertyadvisor.co.mz\/"},{"@type":"ListItem","position":2,"name":"CONTACTO"}]},{"@type":"WebSite","@id":"https:\/\/capitalpropertyadvisor.co.mz\/#website","url":"https:\/\/capitalpropertyadvisor.co.mz\/","name":"Capital Property Advisor - CPA","description":"O Valor real do seu activo come\u00e7a Aqui!","publisher":{"@id":"https:\/\/capitalpropertyadvisor.co.mz\/#organization"},"potentialAction":[{"@type":"SearchAction","target":{"@type":"EntryPoint","urlTemplate":"https:\/\/capitalpropertyadvisor.co.mz\/?s={search_term_string}"},"query-input":{"@type":"PropertyValueSpecification","valueRequired":true,"valueName":"search_term_string"}}],"inLanguage":"en-US"},{"@type":"Organization","@id":"https:\/\/capitalpropertyadvisor.co.mz\/#organization","name":"Capital Property Advisor - CPA","url":"https:\/\/capitalpropertyadvisor.co.mz\/","logo":{"@type":"ImageObject","inLanguage":"en-US","@id":"https:\/\/capitalpropertyadvisor.co.mz\/#\/schema\/logo\/image\/","url":"https:\/\/capitalpropertyadvisor.co.mz\/wp-content\/uploads\/2025\/07\/LOGO.png","contentUrl":"https:\/\/capitalpropertyadvisor.co.mz\/wp-content\/uploads\/2025\/07\/LOGO.png","width":1200,"height":310,"caption":"Capital Property Advisor - CPA"},"image":{"@id":"https:\/\/capitalpropertyadvisor.co.mz\/#\/schema\/logo\/image\/"}}]}},"_links":{"self":[{"href":"https:\/\/capitalpropertyadvisor.co.mz\/en\/wp-json\/wp\/v2\/pages\/19","targetHints":{"allow":["GET"]}}],"collection":[{"href":"https:\/\/capitalpropertyadvisor.co.mz\/en\/wp-json\/wp\/v2\/pages"}],"about":[{"href":"https:\/\/capitalpropertyadvisor.co.mz\/en\/wp-json\/wp\/v2\/types\/page"}],"author":[{"embeddable":true,"href":"https:\/\/capitalpropertyadvisor.co.mz\/en\/wp-json\/wp\/v2\/users\/1"}],"replies":[{"embeddable":true,"href":"https:\/\/capitalpropertyadvisor.co.mz\/en\/wp-json\/wp\/v2\/comments?post=19"}],"version-history":[{"count":140,"href":"https:\/\/capitalpropertyadvisor.co.mz\/en\/wp-json\/wp\/v2\/pages\/19\/revisions"}],"predecessor-version":[{"id":7244,"href":"https:\/\/capitalpropertyadvisor.co.mz\/en\/wp-json\/wp\/v2\/pages\/19\/revisions\/7244"}],"wp:attachment":[{"href":"https:\/\/capitalpropertyadvisor.co.mz\/en\/wp-json\/wp\/v2\/media?parent=19"}],"curies":[{"name":"wp","href":"https:\/\/api.w.org\/{rel}","templated":true}]}}