{"id":5725,"date":"2025-02-20T07:01:37","date_gmt":"2025-02-20T07:01:37","guid":{"rendered":"https:\/\/portaldeemprego.com\/?page_id=5725"},"modified":"2025-08-15T10:20:01","modified_gmt":"2025-08-15T10:20:01","slug":"avaliacao-de-equipamentos","status":"publish","type":"page","link":"https:\/\/capitalpropertyadvisor.co.mz\/en\/servicos\/avaliacao-de-equipamentos\/","title":{"rendered":"Avalia\u00e7\u00e3o de Equipamentos e Maquinaria"},"content":{"rendered":"<div data-elementor-type=\"wp-page\" data-elementor-id=\"5725\" class=\"elementor elementor-5725\">\n\t\t\t\t\t\t<section class=\"elementor-section elementor-top-section elementor-element elementor-element-efb4fb4 elementor-section-boxed elementor-section-height-default elementor-section-height-default\" data-id=\"efb4fb4\" data-element_type=\"section\" data-e-type=\"section\" data-settings=\"{&quot;ekit_has_onepagescroll_dot&quot;:&quot;yes&quot;}\">\n\t\t\t\t\t\t<div class=\"elementor-container elementor-column-gap-default\">\n\t\t\t\t\t<div class=\"elementor-column elementor-col-50 elementor-top-column elementor-element elementor-element-64fb94a\" data-id=\"64fb94a\" data-element_type=\"column\" data-e-type=\"column\">\n\t\t\t<div class=\"elementor-widget-wrap elementor-element-populated\">\n\t\t\t\t\t\t<div class=\"elementor-element elementor-element-6e4d450 elementor-widget elementor-widget-image\" data-id=\"6e4d450\" data-element_type=\"widget\" data-e-type=\"widget\" data-settings=\"{&quot;ekit_we_effect_on&quot;:&quot;none&quot;}\" data-widget_type=\"image.default\">\n\t\t\t\t<div class=\"elementor-widget-container\">\n\t\t\t\t\t\t\t\t\t\t\t\t\t\t\t<img fetchpriority=\"high\" decoding=\"async\" width=\"640\" height=\"343\" src=\"https:\/\/capitalpropertyadvisor.co.mz\/wp-content\/uploads\/2025\/03\/avalicao-de-eq-1024x548.jpg\" class=\"attachment-large size-large wp-image-6307\" alt=\"\" srcset=\"https:\/\/capitalpropertyadvisor.co.mz\/wp-content\/uploads\/2025\/03\/avalicao-de-eq-1024x548.jpg 1024w, https:\/\/capitalpropertyadvisor.co.mz\/wp-content\/uploads\/2025\/03\/avalicao-de-eq-300x161.jpg 300w, https:\/\/capitalpropertyadvisor.co.mz\/wp-content\/uploads\/2025\/03\/avalicao-de-eq-768x411.jpg 768w, https:\/\/capitalpropertyadvisor.co.mz\/wp-content\/uploads\/2025\/03\/avalicao-de-eq-18x10.jpg 18w, https:\/\/capitalpropertyadvisor.co.mz\/wp-content\/uploads\/2025\/03\/avalicao-de-eq.jpg 1169w\" sizes=\"(max-width: 640px) 100vw, 640px\" \/>\t\t\t\t\t\t\t\t\t\t\t\t\t\t\t<\/div>\n\t\t\t\t<\/div>\n\t\t\t\t<div class=\"elementor-element elementor-element-b6404fb elementor-widget__width-initial elementor-widget elementor-widget-react-heading\" data-id=\"b6404fb\" data-element_type=\"widget\" data-e-type=\"widget\" data-settings=\"{&quot;ekit_we_effect_on&quot;:&quot;none&quot;}\" data-widget_type=\"react-heading.default\">\n\t\t\t\t<div class=\"elementor-widget-container\">\n\t\t\t\t\t        <div class=\"react-heading default\">\r\n        \t<div class=\"title-inner\">        \t\t      \t\t\r\n\t            <h3 class=\"title\"><span class=\"watermark\"><\/span>Avalia\u00e7\u00e3o de equipamentos e maquinaria<\/h3>\t        <\/div>\r\n\t                    \t<div class=\"description\">\r\n            \t\t<p class=\"mb-30\" style=\"text-align: justify\">Oferecemos servi\u00e7os especializados de avalia\u00e7\u00e3o de equipamentos e maquinaria, alinhados \u00e0s normas internacionais do IVSC (International Valuation Standards Council) e da RICS (Royal Institution of Chartered Surveyors). Nosso objetivo \u00e9 fornecer an\u00e1lises precisas e imparciais para empresas, ind\u00fastrias, investidores e institui\u00e7\u00f5es financeiras que necessitam determinar o valor de seus ativos m\u00f3veis.<\/p><p class=\"mb-30\" style=\"text-align: justify\">Avaliamos uma ampla gama de equipamentos, incluindo m\u00e1quinas industriais, agr\u00edcolas, de constru\u00e7\u00e3o, ve\u00edculos pesados, linhas de produ\u00e7\u00e3o e ferramentas especializadas. Nossa abordagem considera fatores como estado de conserva\u00e7\u00e3o, vida \u00fatil remanescente, deprecia\u00e7\u00e3o, mercado de revenda e desempenho operacional, utilizando metodologias t\u00e9cnicas rigorosas e dados atualizados.<\/p><p class=\"mb-30\" style=\"text-align: justify\">Com independ\u00eancia e foco na excel\u00eancia, entregamos relat\u00f3rios detalhados que atendem a diversas finalidades, como transa\u00e7\u00f5es comerciais, seguros, financiamentos, contabilidade patrimonial ou resolu\u00e7\u00e3o de disputas. Nosso compromisso \u00e9 assegurar que cada avalia\u00e7\u00e3o reflita o valor justo e real dos equipamentos, oferecendo seguran\u00e7a e suporte \u00e0s decis\u00f5es estrat\u00e9gicas dos nossos clientes.<\/p>            \t\t\r\n            \t<\/div>\r\n        \t        <\/div>\r\n        \t\t\t\t<\/div>\n\t\t\t\t<\/div>\n\t\t\t\t\t<\/div>\n\t\t<\/div>\n\t\t\t\t<div class=\"elementor-column elementor-col-50 elementor-top-column elementor-element elementor-element-2a61632\" data-id=\"2a61632\" data-element_type=\"column\" data-e-type=\"column\">\n\t\t\t<div class=\"elementor-widget-wrap elementor-element-populated\">\n\t\t\t\t\t\t<section class=\"elementor-section elementor-inner-section elementor-element elementor-element-c60860b elementor-section-boxed elementor-section-height-default elementor-section-height-default\" data-id=\"c60860b\" data-element_type=\"section\" data-e-type=\"section\" data-settings=\"{&quot;ekit_has_onepagescroll_dot&quot;:&quot;yes&quot;}\">\n\t\t\t\t\t\t<div class=\"elementor-container elementor-column-gap-default\">\n\t\t\t\t\t<div class=\"elementor-column elementor-col-100 elementor-inner-column elementor-element elementor-element-585caf6\" data-id=\"585caf6\" data-element_type=\"column\" data-e-type=\"column\">\n\t\t\t<div class=\"elementor-widget-wrap elementor-element-populated\">\n\t\t\t\t\t\t<div class=\"elementor-element elementor-element-bef6bc4 elementor-widget elementor-widget-react-heading\" data-id=\"bef6bc4\" data-element_type=\"widget\" data-e-type=\"widget\" data-settings=\"{&quot;ekit_we_effect_on&quot;:&quot;none&quot;}\" data-widget_type=\"react-heading.default\">\n\t\t\t\t<div class=\"elementor-widget-container\">\n\t\t\t\t\t        <div class=\"react-heading style2\">\r\n        \t<div class=\"title-inner\">        \t\t      \t\t\r\n\t            <h4 class=\"title\"><span class=\"watermark\"><\/span>OUR SERVICES<\/h4>\t        <\/div>\r\n\t                <\/div>\r\n        \t\t\t\t<\/div>\n\t\t\t\t<\/div>\n\t\t\t\t<div class=\"elementor-element elementor-element-5370056 elementor-widget elementor-widget-wp-widget-nav_menu\" data-id=\"5370056\" data-element_type=\"widget\" data-e-type=\"widget\" data-settings=\"{&quot;ekit_we_effect_on&quot;:&quot;none&quot;}\" data-widget_type=\"wp-widget-nav_menu.default\">\n\t\t\t\t<div class=\"elementor-widget-container\">\n\t\t\t\t\t<div class=\"menu-services-menu-container\"><ul id=\"menu-services-menu\" class=\"menu\"><li id=\"menu-item-997\" class=\"menu-item menu-item-type-post_type menu-item-object-page menu-item-997\"><a href=\"https:\/\/capitalpropertyadvisor.co.mz\/en\/servicos\/avaliacao-de-imoveis\/\">Property Valuation<\/a><\/li>\n<li id=\"menu-item-5803\" class=\"menu-item menu-item-type-post_type menu-item-object-page menu-item-5803\"><a href=\"https:\/\/capitalpropertyadvisor.co.mz\/en\/servicos\/avaliacao-de-equipamentos\/\">Avalia\u00e7\u00e3o de Equipamentos e Maquinaria<\/a><\/li>\n<li id=\"menu-item-5802\" class=\"menu-item menu-item-type-post_type menu-item-object-page menu-item-5802\"><a href=\"https:\/\/capitalpropertyadvisor.co.mz\/en\/servicos\/avaliacao-de-activos-fixos-tangiveis\/\">Valuation of Fixed Tangible Assets<\/a><\/li>\n<li id=\"menu-item-5804\" class=\"menu-item menu-item-type-post_type menu-item-object-page menu-item-5804\"><a href=\"https:\/\/capitalpropertyadvisor.co.mz\/en\/servicos\/avaliacao-de-propriedades-agricolas-e-activos-biologicos\/\">Valuation of Agriculture Properties and Biological Assets<\/a><\/li>\n<li id=\"menu-item-5805\" class=\"menu-item menu-item-type-post_type menu-item-object-page menu-item-5805\"><a href=\"https:\/\/capitalpropertyadvisor.co.mz\/en\/servicos\/estudos-de-mercado-e-de-viabilidade\/\">Market and Feasibility Studies<\/a><\/li>\n<li id=\"menu-item-6899\" class=\"menu-item menu-item-type-post_type menu-item-object-page menu-item-6899\"><a href=\"https:\/\/capitalpropertyadvisor.co.mz\/en\/servicos\/fiscalizacao-e-consultoria-de-obra\/\">Construction Supervision and\nConsultancy<\/a><\/li>\n<\/ul><\/div>\t\t\t\t<\/div>\n\t\t\t\t<\/div>\n\t\t\t\t\t<\/div>\n\t\t<\/div>\n\t\t\t\t\t<\/div>\n\t\t<\/section>\n\t\t\t\t\t<\/div>\n\t\t<\/div>\n\t\t\t\t\t<\/div>\n\t\t<\/section>\n\t\t<div class=\"elementor-element elementor-element-2500239 e-flex e-con-boxed e-con e-parent\" data-id=\"2500239\" data-element_type=\"container\" data-e-type=\"container\" data-settings=\"{&quot;ekit_has_onepagescroll_dot&quot;:&quot;yes&quot;}\">\n\t\t\t\t\t<div class=\"e-con-inner\">\n\t\t\t\t<div class=\"elementor-element elementor-element-3879eb5 elementor-widget elementor-widget-image\" data-id=\"3879eb5\" data-element_type=\"widget\" data-e-type=\"widget\" data-settings=\"{&quot;ekit_we_effect_on&quot;:&quot;none&quot;}\" data-widget_type=\"image.default\">\n\t\t\t\t<div class=\"elementor-widget-container\">\n\t\t\t\t\t\t\t\t\t\t\t\t\t\t\t<img decoding=\"async\" src=\"https:\/\/capitalpropertyadvisor.co.mz\/wp-content\/uploads\/2025\/03\/IVSC2-RICS.png\" title=\"\" alt=\"\" loading=\"lazy\" \/>\t\t\t\t\t\t\t\t\t\t\t\t\t\t\t<\/div>\n\t\t\t\t<\/div>\n\t\t\t\t\t<\/div>\n\t\t\t\t<\/div>\n\t\t\t\t<\/div>","protected":false},"excerpt":{"rendered":"<p>Avalia\u00e7\u00e3o de equipamentos e maquinaria Oferecemos servi\u00e7os especializados de avalia\u00e7\u00e3o de equipamentos e maquinaria, alinhados \u00e0s normas internacionais do IVSC (International Valuation Standards Council) e da RICS (Royal Institution of Chartered Surveyors). Nosso objetivo \u00e9 fornecer an\u00e1lises precisas e imparciais para empresas, ind\u00fastrias, investidores e institui\u00e7\u00f5es financeiras que necessitam determinar o valor de seus ativos&#8230;<\/p>","protected":false},"author":1,"featured_media":6957,"parent":6374,"menu_order":0,"comment_status":"closed","ping_status":"closed","template":"","meta":{"footnotes":""},"class_list":["post-5725","page","type-page","status-publish","has-post-thumbnail","hentry"],"yoast_head":"<!-- This site is optimized with the Yoast SEO plugin v27.0 - https:\/\/yoast.com\/product\/yoast-seo-wordpress\/ -->\n<title>Avalia\u00e7\u00e3o de Equipamentos e Maquinaria - Capital Property Advisor - CPA<\/title>\n<meta name=\"description\" content=\"Avalia\u00e7\u00e3o de equipamentos e maquinaria com precis\u00e3o, confiabilidade, transpar\u00eancia e padr\u00f5es internacionais de avalia\u00e7\u00e3o.\" \/>\n<meta name=\"robots\" content=\"index, follow, max-snippet:-1, max-image-preview:large, max-video-preview:-1\" \/>\n<link rel=\"canonical\" href=\"https:\/\/capitalpropertyadvisor.co.mz\/en\/servicos\/avaliacao-de-equipamentos\/\" \/>\n<meta property=\"og:locale\" content=\"en_US\" \/>\n<meta property=\"og:type\" content=\"article\" \/>\n<meta property=\"og:title\" content=\"Avalia\u00e7\u00e3o de Equipamentos e Maquinaria - Capital Property Advisor - CPA\" \/>\n<meta property=\"og:description\" content=\"Avalia\u00e7\u00e3o de equipamentos e maquinaria com precis\u00e3o, confiabilidade, transpar\u00eancia e padr\u00f5es internacionais de avalia\u00e7\u00e3o.\" \/>\n<meta property=\"og:url\" content=\"https:\/\/capitalpropertyadvisor.co.mz\/en\/servicos\/avaliacao-de-equipamentos\/\" \/>\n<meta property=\"og:site_name\" content=\"Capital Property Advisor - CPA\" \/>\n<meta property=\"article:modified_time\" content=\"2025-08-15T10:20:01+00:00\" \/>\n<meta property=\"og:image\" content=\"https:\/\/capitalpropertyadvisor.co.mz\/wp-content\/uploads\/2025\/08\/LOGO2-4.png\" \/>\n\t<meta property=\"og:image:width\" content=\"1359\" \/>\n\t<meta property=\"og:image:height\" content=\"438\" \/>\n\t<meta property=\"og:image:type\" content=\"image\/png\" \/>\n<meta name=\"twitter:card\" content=\"summary_large_image\" \/>\n<meta name=\"twitter:label1\" content=\"Est. reading time\" \/>\n\t<meta name=\"twitter:data1\" content=\"2 minutes\" \/>\n<script type=\"application\/ld+json\" class=\"yoast-schema-graph\">{\"@context\":\"https:\/\/schema.org\",\"@graph\":[{\"@type\":\"WebPage\",\"@id\":\"https:\/\/capitalpropertyadvisor.co.mz\/servicos\/avaliacao-de-equipamentos\/\",\"url\":\"https:\/\/capitalpropertyadvisor.co.mz\/servicos\/avaliacao-de-equipamentos\/\",\"name\":\"Avalia\u00e7\u00e3o de Equipamentos e Maquinaria - Capital Property Advisor - CPA\",\"isPartOf\":{\"@id\":\"https:\/\/capitalpropertyadvisor.co.mz\/#website\"},\"primaryImageOfPage\":{\"@id\":\"https:\/\/capitalpropertyadvisor.co.mz\/servicos\/avaliacao-de-equipamentos\/#primaryimage\"},\"image\":{\"@id\":\"https:\/\/capitalpropertyadvisor.co.mz\/servicos\/avaliacao-de-equipamentos\/#primaryimage\"},\"thumbnailUrl\":\"https:\/\/capitalpropertyadvisor.co.mz\/wp-content\/uploads\/2025\/08\/LOGO2-4.png\",\"datePublished\":\"2025-02-20T07:01:37+00:00\",\"dateModified\":\"2025-08-15T10:20:01+00:00\",\"description\":\"Avalia\u00e7\u00e3o de equipamentos e maquinaria com precis\u00e3o, confiabilidade, transpar\u00eancia e padr\u00f5es internacionais de avalia\u00e7\u00e3o.\",\"breadcrumb\":{\"@id\":\"https:\/\/capitalpropertyadvisor.co.mz\/servicos\/avaliacao-de-equipamentos\/#breadcrumb\"},\"inLanguage\":\"en-US\",\"potentialAction\":[{\"@type\":\"ReadAction\",\"target\":[\"https:\/\/capitalpropertyadvisor.co.mz\/servicos\/avaliacao-de-equipamentos\/\"]}]},{\"@type\":\"ImageObject\",\"inLanguage\":\"en-US\",\"@id\":\"https:\/\/capitalpropertyadvisor.co.mz\/servicos\/avaliacao-de-equipamentos\/#primaryimage\",\"url\":\"https:\/\/capitalpropertyadvisor.co.mz\/wp-content\/uploads\/2025\/08\/LOGO2-4.png\",\"contentUrl\":\"https:\/\/capitalpropertyadvisor.co.mz\/wp-content\/uploads\/2025\/08\/LOGO2-4.png\",\"width\":1359,\"height\":438},{\"@type\":\"BreadcrumbList\",\"@id\":\"https:\/\/capitalpropertyadvisor.co.mz\/servicos\/avaliacao-de-equipamentos\/#breadcrumb\",\"itemListElement\":[{\"@type\":\"ListItem\",\"position\":1,\"name\":\"In\u00edcio\",\"item\":\"https:\/\/capitalpropertyadvisor.co.mz\/\"},{\"@type\":\"ListItem\",\"position\":2,\"name\":\"Servi\u00e7os\",\"item\":\"https:\/\/capitalpropertyadvisor.co.mz\/servicos\/\"},{\"@type\":\"ListItem\",\"position\":3,\"name\":\"Avalia\u00e7\u00e3o de Equipamentos e Maquinaria\"}]},{\"@type\":\"WebSite\",\"@id\":\"https:\/\/capitalpropertyadvisor.co.mz\/#website\",\"url\":\"https:\/\/capitalpropertyadvisor.co.mz\/\",\"name\":\"Capital Property Advisor - CPA\",\"description\":\"O Valor real do seu activo come\u00e7a Aqui!\",\"publisher\":{\"@id\":\"https:\/\/capitalpropertyadvisor.co.mz\/#organization\"},\"potentialAction\":[{\"@type\":\"SearchAction\",\"target\":{\"@type\":\"EntryPoint\",\"urlTemplate\":\"https:\/\/capitalpropertyadvisor.co.mz\/?s={search_term_string}\"},\"query-input\":{\"@type\":\"PropertyValueSpecification\",\"valueRequired\":true,\"valueName\":\"search_term_string\"}}],\"inLanguage\":\"en-US\"},{\"@type\":\"Organization\",\"@id\":\"https:\/\/capitalpropertyadvisor.co.mz\/#organization\",\"name\":\"Capital Property Advisor - CPA\",\"url\":\"https:\/\/capitalpropertyadvisor.co.mz\/\",\"logo\":{\"@type\":\"ImageObject\",\"inLanguage\":\"en-US\",\"@id\":\"https:\/\/capitalpropertyadvisor.co.mz\/#\/schema\/logo\/image\/\",\"url\":\"https:\/\/capitalpropertyadvisor.co.mz\/wp-content\/uploads\/2025\/07\/LOGO.png\",\"contentUrl\":\"https:\/\/capitalpropertyadvisor.co.mz\/wp-content\/uploads\/2025\/07\/LOGO.png\",\"width\":1200,\"height\":310,\"caption\":\"Capital Property Advisor - CPA\"},\"image\":{\"@id\":\"https:\/\/capitalpropertyadvisor.co.mz\/#\/schema\/logo\/image\/\"}}]}<\/script>\n<!-- \/ Yoast SEO plugin. -->","yoast_head_json":{"title":"Avalia\u00e7\u00e3o de Equipamentos e Maquinaria - Capital Property Advisor - CPA","description":"Avalia\u00e7\u00e3o de equipamentos e maquinaria com precis\u00e3o, confiabilidade, transpar\u00eancia e padr\u00f5es internacionais de avalia\u00e7\u00e3o.","robots":{"index":"index","follow":"follow","max-snippet":"max-snippet:-1","max-image-preview":"max-image-preview:large","max-video-preview":"max-video-preview:-1"},"canonical":"https:\/\/capitalpropertyadvisor.co.mz\/en\/servicos\/avaliacao-de-equipamentos\/","og_locale":"en_US","og_type":"article","og_title":"Avalia\u00e7\u00e3o de Equipamentos e Maquinaria - Capital Property Advisor - CPA","og_description":"Avalia\u00e7\u00e3o de equipamentos e maquinaria com precis\u00e3o, confiabilidade, transpar\u00eancia e padr\u00f5es internacionais de avalia\u00e7\u00e3o.","og_url":"https:\/\/capitalpropertyadvisor.co.mz\/en\/servicos\/avaliacao-de-equipamentos\/","og_site_name":"Capital Property Advisor - CPA","article_modified_time":"2025-08-15T10:20:01+00:00","og_image":[{"width":1359,"height":438,"url":"https:\/\/capitalpropertyadvisor.co.mz\/wp-content\/uploads\/2025\/08\/LOGO2-4.png","type":"image\/png"}],"twitter_card":"summary_large_image","twitter_misc":{"Est. reading time":"2 minutes"},"schema":{"@context":"https:\/\/schema.org","@graph":[{"@type":"WebPage","@id":"https:\/\/capitalpropertyadvisor.co.mz\/servicos\/avaliacao-de-equipamentos\/","url":"https:\/\/capitalpropertyadvisor.co.mz\/servicos\/avaliacao-de-equipamentos\/","name":"Avalia\u00e7\u00e3o de Equipamentos e Maquinaria - Capital Property Advisor - CPA","isPartOf":{"@id":"https:\/\/capitalpropertyadvisor.co.mz\/#website"},"primaryImageOfPage":{"@id":"https:\/\/capitalpropertyadvisor.co.mz\/servicos\/avaliacao-de-equipamentos\/#primaryimage"},"image":{"@id":"https:\/\/capitalpropertyadvisor.co.mz\/servicos\/avaliacao-de-equipamentos\/#primaryimage"},"thumbnailUrl":"https:\/\/capitalpropertyadvisor.co.mz\/wp-content\/uploads\/2025\/08\/LOGO2-4.png","datePublished":"2025-02-20T07:01:37+00:00","dateModified":"2025-08-15T10:20:01+00:00","description":"Avalia\u00e7\u00e3o de equipamentos e maquinaria com precis\u00e3o, confiabilidade, transpar\u00eancia e padr\u00f5es internacionais de avalia\u00e7\u00e3o.","breadcrumb":{"@id":"https:\/\/capitalpropertyadvisor.co.mz\/servicos\/avaliacao-de-equipamentos\/#breadcrumb"},"inLanguage":"en-US","potentialAction":[{"@type":"ReadAction","target":["https:\/\/capitalpropertyadvisor.co.mz\/servicos\/avaliacao-de-equipamentos\/"]}]},{"@type":"ImageObject","inLanguage":"en-US","@id":"https:\/\/capitalpropertyadvisor.co.mz\/servicos\/avaliacao-de-equipamentos\/#primaryimage","url":"https:\/\/capitalpropertyadvisor.co.mz\/wp-content\/uploads\/2025\/08\/LOGO2-4.png","contentUrl":"https:\/\/capitalpropertyadvisor.co.mz\/wp-content\/uploads\/2025\/08\/LOGO2-4.png","width":1359,"height":438},{"@type":"BreadcrumbList","@id":"https:\/\/capitalpropertyadvisor.co.mz\/servicos\/avaliacao-de-equipamentos\/#breadcrumb","itemListElement":[{"@type":"ListItem","position":1,"name":"In\u00edcio","item":"https:\/\/capitalpropertyadvisor.co.mz\/"},{"@type":"ListItem","position":2,"name":"Servi\u00e7os","item":"https:\/\/capitalpropertyadvisor.co.mz\/servicos\/"},{"@type":"ListItem","position":3,"name":"Avalia\u00e7\u00e3o de Equipamentos e Maquinaria"}]},{"@type":"WebSite","@id":"https:\/\/capitalpropertyadvisor.co.mz\/#website","url":"https:\/\/capitalpropertyadvisor.co.mz\/","name":"Capital Property Advisor - CPA","description":"O Valor real do seu activo come\u00e7a Aqui!","publisher":{"@id":"https:\/\/capitalpropertyadvisor.co.mz\/#organization"},"potentialAction":[{"@type":"SearchAction","target":{"@type":"EntryPoint","urlTemplate":"https:\/\/capitalpropertyadvisor.co.mz\/?s={search_term_string}"},"query-input":{"@type":"PropertyValueSpecification","valueRequired":true,"valueName":"search_term_string"}}],"inLanguage":"en-US"},{"@type":"Organization","@id":"https:\/\/capitalpropertyadvisor.co.mz\/#organization","name":"Capital Property Advisor - CPA","url":"https:\/\/capitalpropertyadvisor.co.mz\/","logo":{"@type":"ImageObject","inLanguage":"en-US","@id":"https:\/\/capitalpropertyadvisor.co.mz\/#\/schema\/logo\/image\/","url":"https:\/\/capitalpropertyadvisor.co.mz\/wp-content\/uploads\/2025\/07\/LOGO.png","contentUrl":"https:\/\/capitalpropertyadvisor.co.mz\/wp-content\/uploads\/2025\/07\/LOGO.png","width":1200,"height":310,"caption":"Capital Property Advisor - CPA"},"image":{"@id":"https:\/\/capitalpropertyadvisor.co.mz\/#\/schema\/logo\/image\/"}}]}},"_links":{"self":[{"href":"https:\/\/capitalpropertyadvisor.co.mz\/en\/wp-json\/wp\/v2\/pages\/5725","targetHints":{"allow":["GET"]}}],"collection":[{"href":"https:\/\/capitalpropertyadvisor.co.mz\/en\/wp-json\/wp\/v2\/pages"}],"about":[{"href":"https:\/\/capitalpropertyadvisor.co.mz\/en\/wp-json\/wp\/v2\/types\/page"}],"author":[{"embeddable":true,"href":"https:\/\/capitalpropertyadvisor.co.mz\/en\/wp-json\/wp\/v2\/users\/1"}],"replies":[{"embeddable":true,"href":"https:\/\/capitalpropertyadvisor.co.mz\/en\/wp-json\/wp\/v2\/comments?post=5725"}],"version-history":[{"count":33,"href":"https:\/\/capitalpropertyadvisor.co.mz\/en\/wp-json\/wp\/v2\/pages\/5725\/revisions"}],"predecessor-version":[{"id":7326,"href":"https:\/\/capitalpropertyadvisor.co.mz\/en\/wp-json\/wp\/v2\/pages\/5725\/revisions\/7326"}],"up":[{"embeddable":true,"href":"https:\/\/capitalpropertyadvisor.co.mz\/en\/wp-json\/wp\/v2\/pages\/6374"}],"wp:featuredmedia":[{"embeddable":true,"href":"https:\/\/capitalpropertyadvisor.co.mz\/en\/wp-json\/wp\/v2\/media\/6957"}],"wp:attachment":[{"href":"https:\/\/capitalpropertyadvisor.co.mz\/en\/wp-json\/wp\/v2\/media?parent=5725"}],"curies":[{"name":"wp","href":"https:\/\/api.w.org\/{rel}","templated":true}]}}