{"id":5742,"date":"2025-02-20T07:21:57","date_gmt":"2025-02-20T07:21:57","guid":{"rendered":"https:\/\/portaldeemprego.com\/?page_id=5742"},"modified":"2025-08-15T10:28:50","modified_gmt":"2025-08-15T10:28:50","slug":"avaliacao-de-propriedades-agricolas-e-activos-biologicos","status":"publish","type":"page","link":"https:\/\/capitalpropertyadvisor.co.mz\/en\/servicos\/avaliacao-de-propriedades-agricolas-e-activos-biologicos\/","title":{"rendered":"Valuation of Agriculture Properties and Biological Assets"},"content":{"rendered":"<div data-elementor-type=\"wp-page\" data-elementor-id=\"5742\" class=\"elementor elementor-5742\">\n\t\t\t\t\t\t<section class=\"elementor-section elementor-top-section elementor-element elementor-element-efb4fb4 elementor-section-boxed elementor-section-height-default elementor-section-height-default\" data-id=\"efb4fb4\" data-element_type=\"section\" data-e-type=\"section\" data-settings=\"{&quot;ekit_has_onepagescroll_dot&quot;:&quot;yes&quot;}\">\n\t\t\t\t\t\t<div class=\"elementor-container elementor-column-gap-default\">\n\t\t\t\t\t<div class=\"elementor-column elementor-col-50 elementor-top-column elementor-element elementor-element-64fb94a\" data-id=\"64fb94a\" data-element_type=\"column\" data-e-type=\"column\">\n\t\t\t<div class=\"elementor-widget-wrap elementor-element-populated\">\n\t\t\t\t\t\t<div class=\"elementor-element elementor-element-6e4d450 elementor-widget elementor-widget-image\" data-id=\"6e4d450\" data-element_type=\"widget\" data-e-type=\"widget\" data-settings=\"{&quot;ekit_we_effect_on&quot;:&quot;none&quot;}\" data-widget_type=\"image.default\">\n\t\t\t\t<div class=\"elementor-widget-container\">\n\t\t\t\t\t\t\t\t\t\t\t\t\t\t\t<img fetchpriority=\"high\" decoding=\"async\" width=\"640\" height=\"343\" src=\"https:\/\/capitalpropertyadvisor.co.mz\/wp-content\/uploads\/2025\/03\/act-biolo-1024x548.jpg\" class=\"attachment-large size-large wp-image-6318\" alt=\"\" srcset=\"https:\/\/capitalpropertyadvisor.co.mz\/wp-content\/uploads\/2025\/03\/act-biolo-1024x548.jpg 1024w, https:\/\/capitalpropertyadvisor.co.mz\/wp-content\/uploads\/2025\/03\/act-biolo-300x161.jpg 300w, https:\/\/capitalpropertyadvisor.co.mz\/wp-content\/uploads\/2025\/03\/act-biolo-768x411.jpg 768w, https:\/\/capitalpropertyadvisor.co.mz\/wp-content\/uploads\/2025\/03\/act-biolo-18x10.jpg 18w, https:\/\/capitalpropertyadvisor.co.mz\/wp-content\/uploads\/2025\/03\/act-biolo.jpg 1169w\" sizes=\"(max-width: 640px) 100vw, 640px\" \/>\t\t\t\t\t\t\t\t\t\t\t\t\t\t\t<\/div>\n\t\t\t\t<\/div>\n\t\t\t\t<div class=\"elementor-element elementor-element-b6404fb elementor-widget__width-initial elementor-widget elementor-widget-react-heading\" data-id=\"b6404fb\" data-element_type=\"widget\" data-e-type=\"widget\" data-settings=\"{&quot;ekit_we_effect_on&quot;:&quot;none&quot;}\" data-widget_type=\"react-heading.default\">\n\t\t\t\t<div class=\"elementor-widget-container\">\n\t\t\t\t\t        <div class=\"react-heading default\">\r\n        \t<div class=\"title-inner\">        \t\t      \t\t\r\n\t            <h3 class=\"title\"><span class=\"watermark\"><\/span>Avalia\u00e7\u00e3o de propriedades agr\u00edcolas e activos biol\u00f3gicos<\/h3>\t        <\/div>\r\n\t                    \t<div class=\"description\">\r\n            \t\t<p class=\"mb-30\" style=\"text-align: justify\">Realizamos avalia\u00e7\u00f5es especializadas de propriedades agr\u00edcolas e ativos biol\u00f3gicos, seguindo as normas internacionais do IVSC (International Valuation Standards Council) e da RICS (Royal Institution of Chartered Surveyors), IAS e IFRS. Nosso servi\u00e7o \u00e9 direcionado a propriet\u00e1rios rurais, investidores, institui\u00e7\u00f5es financeiras e empresas do agroneg\u00f3cio que buscam avalia\u00e7\u00f5es precisas e confi\u00e1veis para embasar suas decis\u00f5es.<\/p><p class=\"mb-30\" style=\"text-align: justify\">Avaliamos terrenos agr\u00edcolas, planta\u00e7\u00f5es (permanentes e tempor\u00e1rias), florestas, pastagens, pomares e ativos biol\u00f3gicos como rebanhos, culturas e recursos naturais vinculados \u00e0 propriedade. Nossa metodologia considera vari\u00e1veis como fertilidade do solo, acesso \u00e0 infraestrutura, condi\u00e7\u00f5es clim\u00e1ticas, potencial produtivo e din\u00e2mica do mercado agr\u00edcola.<\/p><p class=\"mb-30\" style=\"text-align: justify\">Com rigor t\u00e9cnico, independ\u00eancia e um compromisso com a excel\u00eancia, entregamos relat\u00f3rios detalhados que atendem a finalidades diversas, como transa\u00e7\u00f5es de compra e venda, obten\u00e7\u00e3o de financiamentos, gest\u00e3o patrimonial ou planeamento fiscal. Priorizamos a sustentabilidade e a inova\u00e7\u00e3o, garantindo que nossas avalia\u00e7\u00f5es reflitam o valor atual e o potencial futuro dos ativos.<\/p>            \t\t\r\n            \t<\/div>\r\n        \t        <\/div>\r\n        \t\t\t\t<\/div>\n\t\t\t\t<\/div>\n\t\t\t\t\t<\/div>\n\t\t<\/div>\n\t\t\t\t<div class=\"elementor-column elementor-col-50 elementor-top-column elementor-element elementor-element-2cf6406\" data-id=\"2cf6406\" data-element_type=\"column\" data-e-type=\"column\">\n\t\t\t<div class=\"elementor-widget-wrap elementor-element-populated\">\n\t\t\t\t\t\t<section class=\"elementor-section elementor-inner-section elementor-element elementor-element-fbc57b7 elementor-section-boxed elementor-section-height-default elementor-section-height-default\" data-id=\"fbc57b7\" data-element_type=\"section\" data-e-type=\"section\" data-settings=\"{&quot;ekit_has_onepagescroll_dot&quot;:&quot;yes&quot;}\">\n\t\t\t\t\t\t<div class=\"elementor-container elementor-column-gap-default\">\n\t\t\t\t\t<div class=\"elementor-column elementor-col-100 elementor-inner-column elementor-element elementor-element-6dd5cf7\" data-id=\"6dd5cf7\" data-element_type=\"column\" data-e-type=\"column\">\n\t\t\t<div class=\"elementor-widget-wrap elementor-element-populated\">\n\t\t\t\t\t\t<div class=\"elementor-element elementor-element-efdedaf elementor-widget elementor-widget-react-heading\" data-id=\"efdedaf\" data-element_type=\"widget\" data-e-type=\"widget\" data-settings=\"{&quot;ekit_we_effect_on&quot;:&quot;none&quot;}\" data-widget_type=\"react-heading.default\">\n\t\t\t\t<div class=\"elementor-widget-container\">\n\t\t\t\t\t        <div class=\"react-heading style2\">\r\n        \t<div class=\"title-inner\">        \t\t      \t\t\r\n\t            <h4 class=\"title\"><span class=\"watermark\"><\/span>OUR SERVICES<\/h4>\t        <\/div>\r\n\t                <\/div>\r\n        \t\t\t\t<\/div>\n\t\t\t\t<\/div>\n\t\t\t\t<div class=\"elementor-element elementor-element-60279bc elementor-widget elementor-widget-wp-widget-nav_menu\" data-id=\"60279bc\" data-element_type=\"widget\" data-e-type=\"widget\" data-settings=\"{&quot;ekit_we_effect_on&quot;:&quot;none&quot;}\" data-widget_type=\"wp-widget-nav_menu.default\">\n\t\t\t\t<div class=\"elementor-widget-container\">\n\t\t\t\t\t<div class=\"menu-services-menu-container\"><ul id=\"menu-services-menu\" class=\"menu\"><li id=\"menu-item-997\" class=\"menu-item menu-item-type-post_type menu-item-object-page menu-item-997\"><a href=\"https:\/\/capitalpropertyadvisor.co.mz\/en\/servicos\/avaliacao-de-imoveis\/\">Property Valuation<\/a><\/li>\n<li id=\"menu-item-5803\" class=\"menu-item menu-item-type-post_type menu-item-object-page menu-item-5803\"><a href=\"https:\/\/capitalpropertyadvisor.co.mz\/en\/servicos\/avaliacao-de-equipamentos\/\">Avalia\u00e7\u00e3o de Equipamentos e Maquinaria<\/a><\/li>\n<li id=\"menu-item-5802\" class=\"menu-item menu-item-type-post_type menu-item-object-page menu-item-5802\"><a href=\"https:\/\/capitalpropertyadvisor.co.mz\/en\/servicos\/avaliacao-de-activos-fixos-tangiveis\/\">Valuation of Fixed Tangible Assets<\/a><\/li>\n<li id=\"menu-item-5804\" class=\"menu-item menu-item-type-post_type menu-item-object-page menu-item-5804\"><a href=\"https:\/\/capitalpropertyadvisor.co.mz\/en\/servicos\/avaliacao-de-propriedades-agricolas-e-activos-biologicos\/\">Valuation of Agriculture Properties and Biological Assets<\/a><\/li>\n<li id=\"menu-item-5805\" class=\"menu-item menu-item-type-post_type menu-item-object-page menu-item-5805\"><a href=\"https:\/\/capitalpropertyadvisor.co.mz\/en\/servicos\/estudos-de-mercado-e-de-viabilidade\/\">Market and Feasibility Studies<\/a><\/li>\n<li id=\"menu-item-6899\" class=\"menu-item menu-item-type-post_type menu-item-object-page menu-item-6899\"><a href=\"https:\/\/capitalpropertyadvisor.co.mz\/en\/servicos\/fiscalizacao-e-consultoria-de-obra\/\">Construction Supervision and\nConsultancy<\/a><\/li>\n<\/ul><\/div>\t\t\t\t<\/div>\n\t\t\t\t<\/div>\n\t\t\t\t\t<\/div>\n\t\t<\/div>\n\t\t\t\t\t<\/div>\n\t\t<\/section>\n\t\t\t\t\t<\/div>\n\t\t<\/div>\n\t\t\t\t\t<\/div>\n\t\t<\/section>\n\t\t<div class=\"elementor-element elementor-element-2600fbf e-flex e-con-boxed e-con e-parent\" data-id=\"2600fbf\" data-element_type=\"container\" data-e-type=\"container\" data-settings=\"{&quot;ekit_has_onepagescroll_dot&quot;:&quot;yes&quot;}\">\n\t\t\t\t\t<div class=\"e-con-inner\">\n\t\t\t\t<div class=\"elementor-element elementor-element-72f1498 elementor-widget elementor-widget-image\" data-id=\"72f1498\" data-element_type=\"widget\" data-e-type=\"widget\" data-settings=\"{&quot;ekit_we_effect_on&quot;:&quot;none&quot;}\" data-widget_type=\"image.default\">\n\t\t\t\t<div class=\"elementor-widget-container\">\n\t\t\t\t\t\t\t\t\t\t\t\t\t\t\t<img decoding=\"async\" src=\"https:\/\/capitalpropertyadvisor.co.mz\/wp-content\/uploads\/2025\/03\/IVSC2-RICS.png\" title=\"\" alt=\"\" loading=\"lazy\" \/>\t\t\t\t\t\t\t\t\t\t\t\t\t\t\t<\/div>\n\t\t\t\t<\/div>\n\t\t\t\t\t<\/div>\n\t\t\t\t<\/div>\n\t\t\t\t<\/div>","protected":false},"excerpt":{"rendered":"<p>Avalia\u00e7\u00e3o de propriedades agr\u00edcolas e activos biol\u00f3gicos Realizamos avalia\u00e7\u00f5es especializadas de propriedades agr\u00edcolas e ativos biol\u00f3gicos, seguindo as normas internacionais do IVSC (International Valuation Standards Council) e da RICS (Royal Institution of Chartered Surveyors), IAS e IFRS. Nosso servi\u00e7o \u00e9 direcionado a propriet\u00e1rios rurais, investidores, institui\u00e7\u00f5es financeiras e empresas do agroneg\u00f3cio que buscam avalia\u00e7\u00f5es precisas&#8230;<\/p>","protected":false},"author":1,"featured_media":6957,"parent":6374,"menu_order":0,"comment_status":"closed","ping_status":"closed","template":"","meta":{"footnotes":""},"class_list":["post-5742","page","type-page","status-publish","has-post-thumbnail","hentry"],"yoast_head":"<!-- This site is optimized with the Yoast SEO plugin v27.0 - https:\/\/yoast.com\/product\/yoast-seo-wordpress\/ -->\n<title>Avalia\u00e7\u00e3o de Propriedades Agr\u00edcolas e Activos Biol\u00f3gicos - Capital Property Advisor - CPA<\/title>\n<meta name=\"description\" content=\"Avalia\u00e7\u00e3o de propriedades agr\u00edcolas e ativos biol\u00f3gicos com precis\u00e3o, confiabilidade e padr\u00f5es internacionais de avalia\u00e7\u00e3o.\" \/>\n<meta name=\"robots\" content=\"index, follow, max-snippet:-1, max-image-preview:large, max-video-preview:-1\" \/>\n<link rel=\"canonical\" href=\"https:\/\/capitalpropertyadvisor.co.mz\/en\/servicos\/avaliacao-de-propriedades-agricolas-e-activos-biologicos\/\" \/>\n<meta property=\"og:locale\" content=\"en_US\" \/>\n<meta property=\"og:type\" content=\"article\" \/>\n<meta property=\"og:title\" content=\"Avalia\u00e7\u00e3o de Propriedades Agr\u00edcolas e Activos Biol\u00f3gicos - Capital Property Advisor - CPA\" \/>\n<meta property=\"og:description\" content=\"Avalia\u00e7\u00e3o de propriedades agr\u00edcolas e ativos biol\u00f3gicos com precis\u00e3o, confiabilidade e padr\u00f5es internacionais de avalia\u00e7\u00e3o.\" \/>\n<meta property=\"og:url\" content=\"https:\/\/capitalpropertyadvisor.co.mz\/en\/servicos\/avaliacao-de-propriedades-agricolas-e-activos-biologicos\/\" \/>\n<meta property=\"og:site_name\" content=\"Capital Property Advisor - CPA\" \/>\n<meta property=\"article:modified_time\" content=\"2025-08-15T10:28:50+00:00\" \/>\n<meta property=\"og:image\" content=\"https:\/\/capitalpropertyadvisor.co.mz\/wp-content\/uploads\/2025\/08\/LOGO2-4.png\" \/>\n\t<meta property=\"og:image:width\" content=\"1359\" \/>\n\t<meta property=\"og:image:height\" content=\"438\" \/>\n\t<meta property=\"og:image:type\" content=\"image\/png\" \/>\n<meta name=\"twitter:card\" content=\"summary_large_image\" \/>\n<meta name=\"twitter:label1\" content=\"Est. reading time\" \/>\n\t<meta name=\"twitter:data1\" content=\"2 minutes\" \/>\n<script type=\"application\/ld+json\" class=\"yoast-schema-graph\">{\"@context\":\"https:\/\/schema.org\",\"@graph\":[{\"@type\":\"WebPage\",\"@id\":\"https:\/\/capitalpropertyadvisor.co.mz\/servicos\/avaliacao-de-propriedades-agricolas-e-activos-biologicos\/\",\"url\":\"https:\/\/capitalpropertyadvisor.co.mz\/servicos\/avaliacao-de-propriedades-agricolas-e-activos-biologicos\/\",\"name\":\"Avalia\u00e7\u00e3o de Propriedades Agr\u00edcolas e Activos Biol\u00f3gicos - Capital Property Advisor - CPA\",\"isPartOf\":{\"@id\":\"https:\/\/capitalpropertyadvisor.co.mz\/#website\"},\"primaryImageOfPage\":{\"@id\":\"https:\/\/capitalpropertyadvisor.co.mz\/servicos\/avaliacao-de-propriedades-agricolas-e-activos-biologicos\/#primaryimage\"},\"image\":{\"@id\":\"https:\/\/capitalpropertyadvisor.co.mz\/servicos\/avaliacao-de-propriedades-agricolas-e-activos-biologicos\/#primaryimage\"},\"thumbnailUrl\":\"https:\/\/capitalpropertyadvisor.co.mz\/wp-content\/uploads\/2025\/08\/LOGO2-4.png\",\"datePublished\":\"2025-02-20T07:21:57+00:00\",\"dateModified\":\"2025-08-15T10:28:50+00:00\",\"description\":\"Avalia\u00e7\u00e3o de propriedades agr\u00edcolas e ativos biol\u00f3gicos com precis\u00e3o, confiabilidade e padr\u00f5es internacionais de avalia\u00e7\u00e3o.\",\"breadcrumb\":{\"@id\":\"https:\/\/capitalpropertyadvisor.co.mz\/servicos\/avaliacao-de-propriedades-agricolas-e-activos-biologicos\/#breadcrumb\"},\"inLanguage\":\"en-US\",\"potentialAction\":[{\"@type\":\"ReadAction\",\"target\":[\"https:\/\/capitalpropertyadvisor.co.mz\/servicos\/avaliacao-de-propriedades-agricolas-e-activos-biologicos\/\"]}]},{\"@type\":\"ImageObject\",\"inLanguage\":\"en-US\",\"@id\":\"https:\/\/capitalpropertyadvisor.co.mz\/servicos\/avaliacao-de-propriedades-agricolas-e-activos-biologicos\/#primaryimage\",\"url\":\"https:\/\/capitalpropertyadvisor.co.mz\/wp-content\/uploads\/2025\/08\/LOGO2-4.png\",\"contentUrl\":\"https:\/\/capitalpropertyadvisor.co.mz\/wp-content\/uploads\/2025\/08\/LOGO2-4.png\",\"width\":1359,\"height\":438},{\"@type\":\"BreadcrumbList\",\"@id\":\"https:\/\/capitalpropertyadvisor.co.mz\/servicos\/avaliacao-de-propriedades-agricolas-e-activos-biologicos\/#breadcrumb\",\"itemListElement\":[{\"@type\":\"ListItem\",\"position\":1,\"name\":\"In\u00edcio\",\"item\":\"https:\/\/capitalpropertyadvisor.co.mz\/\"},{\"@type\":\"ListItem\",\"position\":2,\"name\":\"Servi\u00e7os\",\"item\":\"https:\/\/capitalpropertyadvisor.co.mz\/servicos\/\"},{\"@type\":\"ListItem\",\"position\":3,\"name\":\"Avalia\u00e7\u00e3o de Propriedades Agr\u00edcolas e Activos Biol\u00f3gicos\"}]},{\"@type\":\"WebSite\",\"@id\":\"https:\/\/capitalpropertyadvisor.co.mz\/#website\",\"url\":\"https:\/\/capitalpropertyadvisor.co.mz\/\",\"name\":\"Capital Property Advisor - CPA\",\"description\":\"O Valor real do seu activo come\u00e7a Aqui!\",\"publisher\":{\"@id\":\"https:\/\/capitalpropertyadvisor.co.mz\/#organization\"},\"potentialAction\":[{\"@type\":\"SearchAction\",\"target\":{\"@type\":\"EntryPoint\",\"urlTemplate\":\"https:\/\/capitalpropertyadvisor.co.mz\/?s={search_term_string}\"},\"query-input\":{\"@type\":\"PropertyValueSpecification\",\"valueRequired\":true,\"valueName\":\"search_term_string\"}}],\"inLanguage\":\"en-US\"},{\"@type\":\"Organization\",\"@id\":\"https:\/\/capitalpropertyadvisor.co.mz\/#organization\",\"name\":\"Capital Property Advisor - CPA\",\"url\":\"https:\/\/capitalpropertyadvisor.co.mz\/\",\"logo\":{\"@type\":\"ImageObject\",\"inLanguage\":\"en-US\",\"@id\":\"https:\/\/capitalpropertyadvisor.co.mz\/#\/schema\/logo\/image\/\",\"url\":\"https:\/\/capitalpropertyadvisor.co.mz\/wp-content\/uploads\/2025\/07\/LOGO.png\",\"contentUrl\":\"https:\/\/capitalpropertyadvisor.co.mz\/wp-content\/uploads\/2025\/07\/LOGO.png\",\"width\":1200,\"height\":310,\"caption\":\"Capital Property Advisor - CPA\"},\"image\":{\"@id\":\"https:\/\/capitalpropertyadvisor.co.mz\/#\/schema\/logo\/image\/\"}}]}<\/script>\n<!-- \/ Yoast SEO plugin. -->","yoast_head_json":{"title":"Avalia\u00e7\u00e3o de Propriedades Agr\u00edcolas e Activos Biol\u00f3gicos - Capital Property Advisor - CPA","description":"Avalia\u00e7\u00e3o de propriedades agr\u00edcolas e ativos biol\u00f3gicos com precis\u00e3o, confiabilidade e padr\u00f5es internacionais de avalia\u00e7\u00e3o.","robots":{"index":"index","follow":"follow","max-snippet":"max-snippet:-1","max-image-preview":"max-image-preview:large","max-video-preview":"max-video-preview:-1"},"canonical":"https:\/\/capitalpropertyadvisor.co.mz\/en\/servicos\/avaliacao-de-propriedades-agricolas-e-activos-biologicos\/","og_locale":"en_US","og_type":"article","og_title":"Avalia\u00e7\u00e3o de Propriedades Agr\u00edcolas e Activos Biol\u00f3gicos - Capital Property Advisor - CPA","og_description":"Avalia\u00e7\u00e3o de propriedades agr\u00edcolas e ativos biol\u00f3gicos com precis\u00e3o, confiabilidade e padr\u00f5es internacionais de avalia\u00e7\u00e3o.","og_url":"https:\/\/capitalpropertyadvisor.co.mz\/en\/servicos\/avaliacao-de-propriedades-agricolas-e-activos-biologicos\/","og_site_name":"Capital Property Advisor - CPA","article_modified_time":"2025-08-15T10:28:50+00:00","og_image":[{"width":1359,"height":438,"url":"https:\/\/capitalpropertyadvisor.co.mz\/wp-content\/uploads\/2025\/08\/LOGO2-4.png","type":"image\/png"}],"twitter_card":"summary_large_image","twitter_misc":{"Est. reading time":"2 minutes"},"schema":{"@context":"https:\/\/schema.org","@graph":[{"@type":"WebPage","@id":"https:\/\/capitalpropertyadvisor.co.mz\/servicos\/avaliacao-de-propriedades-agricolas-e-activos-biologicos\/","url":"https:\/\/capitalpropertyadvisor.co.mz\/servicos\/avaliacao-de-propriedades-agricolas-e-activos-biologicos\/","name":"Avalia\u00e7\u00e3o de Propriedades Agr\u00edcolas e Activos Biol\u00f3gicos - Capital Property Advisor - CPA","isPartOf":{"@id":"https:\/\/capitalpropertyadvisor.co.mz\/#website"},"primaryImageOfPage":{"@id":"https:\/\/capitalpropertyadvisor.co.mz\/servicos\/avaliacao-de-propriedades-agricolas-e-activos-biologicos\/#primaryimage"},"image":{"@id":"https:\/\/capitalpropertyadvisor.co.mz\/servicos\/avaliacao-de-propriedades-agricolas-e-activos-biologicos\/#primaryimage"},"thumbnailUrl":"https:\/\/capitalpropertyadvisor.co.mz\/wp-content\/uploads\/2025\/08\/LOGO2-4.png","datePublished":"2025-02-20T07:21:57+00:00","dateModified":"2025-08-15T10:28:50+00:00","description":"Avalia\u00e7\u00e3o de propriedades agr\u00edcolas e ativos biol\u00f3gicos com precis\u00e3o, confiabilidade e padr\u00f5es internacionais de avalia\u00e7\u00e3o.","breadcrumb":{"@id":"https:\/\/capitalpropertyadvisor.co.mz\/servicos\/avaliacao-de-propriedades-agricolas-e-activos-biologicos\/#breadcrumb"},"inLanguage":"en-US","potentialAction":[{"@type":"ReadAction","target":["https:\/\/capitalpropertyadvisor.co.mz\/servicos\/avaliacao-de-propriedades-agricolas-e-activos-biologicos\/"]}]},{"@type":"ImageObject","inLanguage":"en-US","@id":"https:\/\/capitalpropertyadvisor.co.mz\/servicos\/avaliacao-de-propriedades-agricolas-e-activos-biologicos\/#primaryimage","url":"https:\/\/capitalpropertyadvisor.co.mz\/wp-content\/uploads\/2025\/08\/LOGO2-4.png","contentUrl":"https:\/\/capitalpropertyadvisor.co.mz\/wp-content\/uploads\/2025\/08\/LOGO2-4.png","width":1359,"height":438},{"@type":"BreadcrumbList","@id":"https:\/\/capitalpropertyadvisor.co.mz\/servicos\/avaliacao-de-propriedades-agricolas-e-activos-biologicos\/#breadcrumb","itemListElement":[{"@type":"ListItem","position":1,"name":"In\u00edcio","item":"https:\/\/capitalpropertyadvisor.co.mz\/"},{"@type":"ListItem","position":2,"name":"Servi\u00e7os","item":"https:\/\/capitalpropertyadvisor.co.mz\/servicos\/"},{"@type":"ListItem","position":3,"name":"Avalia\u00e7\u00e3o de Propriedades Agr\u00edcolas e Activos Biol\u00f3gicos"}]},{"@type":"WebSite","@id":"https:\/\/capitalpropertyadvisor.co.mz\/#website","url":"https:\/\/capitalpropertyadvisor.co.mz\/","name":"Capital Property Advisor - CPA","description":"O Valor real do seu activo come\u00e7a Aqui!","publisher":{"@id":"https:\/\/capitalpropertyadvisor.co.mz\/#organization"},"potentialAction":[{"@type":"SearchAction","target":{"@type":"EntryPoint","urlTemplate":"https:\/\/capitalpropertyadvisor.co.mz\/?s={search_term_string}"},"query-input":{"@type":"PropertyValueSpecification","valueRequired":true,"valueName":"search_term_string"}}],"inLanguage":"en-US"},{"@type":"Organization","@id":"https:\/\/capitalpropertyadvisor.co.mz\/#organization","name":"Capital Property Advisor - CPA","url":"https:\/\/capitalpropertyadvisor.co.mz\/","logo":{"@type":"ImageObject","inLanguage":"en-US","@id":"https:\/\/capitalpropertyadvisor.co.mz\/#\/schema\/logo\/image\/","url":"https:\/\/capitalpropertyadvisor.co.mz\/wp-content\/uploads\/2025\/07\/LOGO.png","contentUrl":"https:\/\/capitalpropertyadvisor.co.mz\/wp-content\/uploads\/2025\/07\/LOGO.png","width":1200,"height":310,"caption":"Capital Property Advisor - CPA"},"image":{"@id":"https:\/\/capitalpropertyadvisor.co.mz\/#\/schema\/logo\/image\/"}}]}},"_links":{"self":[{"href":"https:\/\/capitalpropertyadvisor.co.mz\/en\/wp-json\/wp\/v2\/pages\/5742","targetHints":{"allow":["GET"]}}],"collection":[{"href":"https:\/\/capitalpropertyadvisor.co.mz\/en\/wp-json\/wp\/v2\/pages"}],"about":[{"href":"https:\/\/capitalpropertyadvisor.co.mz\/en\/wp-json\/wp\/v2\/types\/page"}],"author":[{"embeddable":true,"href":"https:\/\/capitalpropertyadvisor.co.mz\/en\/wp-json\/wp\/v2\/users\/1"}],"replies":[{"embeddable":true,"href":"https:\/\/capitalpropertyadvisor.co.mz\/en\/wp-json\/wp\/v2\/comments?post=5742"}],"version-history":[{"count":29,"href":"https:\/\/capitalpropertyadvisor.co.mz\/en\/wp-json\/wp\/v2\/pages\/5742\/revisions"}],"predecessor-version":[{"id":7338,"href":"https:\/\/capitalpropertyadvisor.co.mz\/en\/wp-json\/wp\/v2\/pages\/5742\/revisions\/7338"}],"up":[{"embeddable":true,"href":"https:\/\/capitalpropertyadvisor.co.mz\/en\/wp-json\/wp\/v2\/pages\/6374"}],"wp:featuredmedia":[{"embeddable":true,"href":"https:\/\/capitalpropertyadvisor.co.mz\/en\/wp-json\/wp\/v2\/media\/6957"}],"wp:attachment":[{"href":"https:\/\/capitalpropertyadvisor.co.mz\/en\/wp-json\/wp\/v2\/media?parent=5742"}],"curies":[{"name":"wp","href":"https:\/\/api.w.org\/{rel}","templated":true}]}}