{"id":5772,"date":"2025-02-20T07:55:44","date_gmt":"2025-02-20T07:55:44","guid":{"rendered":"https:\/\/portaldeemprego.com\/?page_id=5772"},"modified":"2025-08-15T10:11:57","modified_gmt":"2025-08-15T10:11:57","slug":"fiscalizacao-e-consultoria-de-obra","status":"publish","type":"page","link":"https:\/\/capitalpropertyadvisor.co.mz\/en\/servicos\/fiscalizacao-e-consultoria-de-obra\/","title":{"rendered":"Construction Supervision and\nConsultancy"},"content":{"rendered":"<div data-elementor-type=\"wp-page\" data-elementor-id=\"5772\" class=\"elementor elementor-5772\">\n\t\t\t\t\t\t<section class=\"elementor-section elementor-top-section elementor-element elementor-element-efb4fb4 elementor-section-boxed elementor-section-height-default elementor-section-height-default\" data-id=\"efb4fb4\" data-element_type=\"section\" data-e-type=\"section\" data-settings=\"{&quot;ekit_has_onepagescroll_dot&quot;:&quot;yes&quot;}\">\n\t\t\t\t\t\t<div class=\"elementor-container elementor-column-gap-default\">\n\t\t\t\t\t<div class=\"elementor-column elementor-col-50 elementor-top-column elementor-element elementor-element-64fb94a\" data-id=\"64fb94a\" data-element_type=\"column\" data-e-type=\"column\">\n\t\t\t<div class=\"elementor-widget-wrap elementor-element-populated\">\n\t\t\t\t\t\t<div class=\"elementor-element elementor-element-d4ce75c elementor-widget__width-initial elementor-widget elementor-widget-react-heading\" data-id=\"d4ce75c\" data-element_type=\"widget\" data-e-type=\"widget\" data-settings=\"{&quot;ekit_we_effect_on&quot;:&quot;none&quot;}\" data-widget_type=\"react-heading.default\">\n\t\t\t\t<div class=\"elementor-widget-container\">\n\t\t\t\t\t        <div class=\"react-heading default\">\r\n        \t<div class=\"title-inner\">        \t\t      \t\t\r\n\t            <h3 class=\"title\"><span class=\"watermark\"><\/span>Fiscaliza\u00e7\u00e3o e consultoria de obra<\/h3>\t        <\/div>\r\n\t                <\/div>\r\n        \t\t\t\t<\/div>\n\t\t\t\t<\/div>\n\t\t\t\t<div class=\"elementor-element elementor-element-6e4d450 elementor-widget elementor-widget-image\" data-id=\"6e4d450\" data-element_type=\"widget\" data-e-type=\"widget\" data-settings=\"{&quot;ekit_we_effect_on&quot;:&quot;none&quot;}\" data-widget_type=\"image.default\">\n\t\t\t\t<div class=\"elementor-widget-container\">\n\t\t\t\t\t\t\t\t\t\t\t\t\t\t\t<img fetchpriority=\"high\" decoding=\"async\" width=\"640\" height=\"582\" src=\"https:\/\/capitalpropertyadvisor.co.mz\/wp-content\/uploads\/2025\/02\/fisca-1024x931.jpg\" class=\"attachment-large size-large wp-image-5774\" alt=\"\" srcset=\"https:\/\/capitalpropertyadvisor.co.mz\/wp-content\/uploads\/2025\/02\/fisca-1024x931.jpg 1024w, https:\/\/capitalpropertyadvisor.co.mz\/wp-content\/uploads\/2025\/02\/fisca-300x273.jpg 300w, https:\/\/capitalpropertyadvisor.co.mz\/wp-content\/uploads\/2025\/02\/fisca-768x698.jpg 768w, https:\/\/capitalpropertyadvisor.co.mz\/wp-content\/uploads\/2025\/02\/fisca-1536x1396.jpg 1536w, https:\/\/capitalpropertyadvisor.co.mz\/wp-content\/uploads\/2025\/02\/fisca-2048x1861.jpg 2048w\" sizes=\"(max-width: 640px) 100vw, 640px\" \/>\t\t\t\t\t\t\t\t\t\t\t\t\t\t\t<\/div>\n\t\t\t\t<\/div>\n\t\t\t\t<div class=\"elementor-element elementor-element-216a6cf elementor-widget elementor-widget-text-editor\" data-id=\"216a6cf\" data-element_type=\"widget\" data-e-type=\"widget\" data-settings=\"{&quot;ekit_we_effect_on&quot;:&quot;none&quot;}\" data-widget_type=\"text-editor.default\">\n\t\t\t\t<div class=\"elementor-widget-container\">\n\t\t\t\t\t\t\t\t\t<p style=\"text-align: justify;\"><strong>CLIENTE:<\/strong> ICOR \u2013 INSTITUTO DO CORA\u00c7\u00c3O <br \/><strong>DESCRI\u00c7\u00c3O:<\/strong> Fiscaliza\u00e7\u00e3o de Obra para a constru\u00e7\u00e3o da Farm\u00e1cia do Hospital <br \/><strong>\u00c1REA:<\/strong> 94 m\u00b2 <br \/><strong>LOCALIZA\u00c7\u00c3O:<\/strong> Maputo<\/p>\t\t\t\t\t\t\t\t<\/div>\n\t\t\t\t<\/div>\n\t\t\t\t<div class=\"elementor-element elementor-element-18262ae elementor-widget elementor-widget-image\" data-id=\"18262ae\" data-element_type=\"widget\" data-e-type=\"widget\" data-settings=\"{&quot;ekit_we_effect_on&quot;:&quot;none&quot;}\" data-widget_type=\"image.default\">\n\t\t\t\t<div class=\"elementor-widget-container\">\n\t\t\t\t\t\t\t\t\t\t\t\t\t\t\t<img decoding=\"async\" width=\"640\" height=\"595\" src=\"https:\/\/capitalpropertyadvisor.co.mz\/wp-content\/uploads\/2025\/02\/ficali-1024x952.jpg\" class=\"attachment-large size-large wp-image-5778\" alt=\"\" srcset=\"https:\/\/capitalpropertyadvisor.co.mz\/wp-content\/uploads\/2025\/02\/ficali-1024x952.jpg 1024w, https:\/\/capitalpropertyadvisor.co.mz\/wp-content\/uploads\/2025\/02\/ficali-300x279.jpg 300w, https:\/\/capitalpropertyadvisor.co.mz\/wp-content\/uploads\/2025\/02\/ficali-768x714.jpg 768w, https:\/\/capitalpropertyadvisor.co.mz\/wp-content\/uploads\/2025\/02\/ficali.jpg 1393w\" sizes=\"(max-width: 640px) 100vw, 640px\" \/>\t\t\t\t\t\t\t\t\t\t\t\t\t\t\t<\/div>\n\t\t\t\t<\/div>\n\t\t\t\t<div class=\"elementor-element elementor-element-9912112 elementor-widget elementor-widget-text-editor\" data-id=\"9912112\" data-element_type=\"widget\" data-e-type=\"widget\" data-settings=\"{&quot;ekit_we_effect_on&quot;:&quot;none&quot;}\" data-widget_type=\"text-editor.default\">\n\t\t\t\t<div class=\"elementor-widget-container\">\n\t\t\t\t\t\t\t\t\t<p style=\"text-align: justify;\"><strong>CLIENTE:<\/strong> MORADIA MARCUS <br \/><strong>DESCRI\u00c7\u00c3O:<\/strong> Projecto Estrutural e de Hidr\u00e1ulica <br \/><strong>\u00c1REA:<\/strong> 600 m\u00b2 <br \/><strong>LOCALIZA\u00c7\u00c3O:<\/strong> Katembe<\/p>\t\t\t\t\t\t\t\t<\/div>\n\t\t\t\t<\/div>\n\t\t\t\t<div class=\"elementor-element elementor-element-27346b0 elementor-widget elementor-widget-image\" data-id=\"27346b0\" data-element_type=\"widget\" data-e-type=\"widget\" data-settings=\"{&quot;ekit_we_effect_on&quot;:&quot;none&quot;}\" data-widget_type=\"image.default\">\n\t\t\t\t<div class=\"elementor-widget-container\">\n\t\t\t\t\t\t\t\t\t\t\t\t\t\t\t<img decoding=\"async\" width=\"640\" height=\"603\" src=\"https:\/\/capitalpropertyadvisor.co.mz\/wp-content\/uploads\/2025\/02\/fiscalizacao-1024x964.jpg\" class=\"attachment-large size-large wp-image-5794\" alt=\"\" srcset=\"https:\/\/capitalpropertyadvisor.co.mz\/wp-content\/uploads\/2025\/02\/fiscalizacao-1024x964.jpg 1024w, https:\/\/capitalpropertyadvisor.co.mz\/wp-content\/uploads\/2025\/02\/fiscalizacao-300x282.jpg 300w, https:\/\/capitalpropertyadvisor.co.mz\/wp-content\/uploads\/2025\/02\/fiscalizacao-768x723.jpg 768w, https:\/\/capitalpropertyadvisor.co.mz\/wp-content\/uploads\/2025\/02\/fiscalizacao.jpg 1061w\" sizes=\"(max-width: 640px) 100vw, 640px\" \/>\t\t\t\t\t\t\t\t\t\t\t\t\t\t\t<\/div>\n\t\t\t\t<\/div>\n\t\t\t\t<div class=\"elementor-element elementor-element-f5ff630 elementor-widget elementor-widget-text-editor\" data-id=\"f5ff630\" data-element_type=\"widget\" data-e-type=\"widget\" data-settings=\"{&quot;ekit_we_effect_on&quot;:&quot;none&quot;}\" data-widget_type=\"text-editor.default\">\n\t\t\t\t<div class=\"elementor-widget-container\">\n\t\t\t\t\t\t\t\t\t<p style=\"text-align: justify;\"><strong>CLIENTE:<\/strong> MORADIA TS <br \/><strong>DESCRI\u00c7\u00c3O:<\/strong> Projecto Estrutural e de Fiscaliza\u00e7\u00e3o <br \/><strong>\u00c1REA:<\/strong> 400 m\u00b2 <br \/><strong>LOCALIZA\u00c7\u00c3O:<\/strong> Maputo<\/p>\t\t\t\t\t\t\t\t<\/div>\n\t\t\t\t<\/div>\n\t\t\t\t<div class=\"elementor-element elementor-element-357c79f elementor-widget elementor-widget-image\" data-id=\"357c79f\" data-element_type=\"widget\" data-e-type=\"widget\" data-settings=\"{&quot;ekit_we_effect_on&quot;:&quot;none&quot;}\" data-widget_type=\"image.default\">\n\t\t\t\t<div class=\"elementor-widget-container\">\n\t\t\t\t\t\t\t\t\t\t\t\t\t\t\t<img loading=\"lazy\" decoding=\"async\" width=\"640\" height=\"606\" src=\"https:\/\/capitalpropertyadvisor.co.mz\/wp-content\/uploads\/2025\/02\/fiscalizacao0-1024x969.jpg\" class=\"attachment-large size-large wp-image-5798\" alt=\"\" srcset=\"https:\/\/capitalpropertyadvisor.co.mz\/wp-content\/uploads\/2025\/02\/fiscalizacao0-1024x969.jpg 1024w, https:\/\/capitalpropertyadvisor.co.mz\/wp-content\/uploads\/2025\/02\/fiscalizacao0-300x284.jpg 300w, https:\/\/capitalpropertyadvisor.co.mz\/wp-content\/uploads\/2025\/02\/fiscalizacao0-768x726.jpg 768w, https:\/\/capitalpropertyadvisor.co.mz\/wp-content\/uploads\/2025\/02\/fiscalizacao0.jpg 1163w\" sizes=\"(max-width: 640px) 100vw, 640px\" \/>\t\t\t\t\t\t\t\t\t\t\t\t\t\t\t<\/div>\n\t\t\t\t<\/div>\n\t\t\t\t<div class=\"elementor-element elementor-element-669a752 elementor-widget elementor-widget-text-editor\" data-id=\"669a752\" data-element_type=\"widget\" data-e-type=\"widget\" data-settings=\"{&quot;ekit_we_effect_on&quot;:&quot;none&quot;}\" data-widget_type=\"text-editor.default\">\n\t\t\t\t<div class=\"elementor-widget-container\">\n\t\t\t\t\t\t\t\t\t<p style=\"text-align: justify;\"><strong>CLIENTE:<\/strong> MORADIA FP <br \/><strong>DESCRI\u00c7\u00c3O:<\/strong> Projecto Estrutural e de Fiscaliza\u00e7\u00e3o <br \/><strong>\u00c1REA:<\/strong> 468 m\u00b2 <br \/><strong>LOCALIZA\u00c7\u00c3O:<\/strong> Maputo<\/p>\t\t\t\t\t\t\t\t<\/div>\n\t\t\t\t<\/div>\n\t\t\t\t\t<\/div>\n\t\t<\/div>\n\t\t\t\t<div class=\"elementor-column elementor-col-50 elementor-top-column elementor-element elementor-element-d8ade01\" data-id=\"d8ade01\" data-element_type=\"column\" data-e-type=\"column\">\n\t\t\t<div class=\"elementor-widget-wrap elementor-element-populated\">\n\t\t\t\t\t\t<section class=\"elementor-section elementor-inner-section elementor-element elementor-element-89f2739 elementor-section-boxed elementor-section-height-default elementor-section-height-default\" data-id=\"89f2739\" data-element_type=\"section\" data-e-type=\"section\" data-settings=\"{&quot;ekit_has_onepagescroll_dot&quot;:&quot;yes&quot;}\">\n\t\t\t\t\t\t<div class=\"elementor-container elementor-column-gap-default\">\n\t\t\t\t\t<div class=\"elementor-column elementor-col-100 elementor-inner-column elementor-element elementor-element-19179e9\" data-id=\"19179e9\" data-element_type=\"column\" data-e-type=\"column\">\n\t\t\t<div class=\"elementor-widget-wrap elementor-element-populated\">\n\t\t\t\t\t\t<div class=\"elementor-element elementor-element-057c932 elementor-widget elementor-widget-react-heading\" data-id=\"057c932\" data-element_type=\"widget\" data-e-type=\"widget\" data-settings=\"{&quot;ekit_we_effect_on&quot;:&quot;none&quot;}\" data-widget_type=\"react-heading.default\">\n\t\t\t\t<div class=\"elementor-widget-container\">\n\t\t\t\t\t        <div class=\"react-heading style2\">\r\n        \t<div class=\"title-inner\">        \t\t      \t\t\r\n\t            <h4 class=\"title\"><span class=\"watermark\"><\/span>OUR SERVICES<\/h4>\t        <\/div>\r\n\t                <\/div>\r\n        \t\t\t\t<\/div>\n\t\t\t\t<\/div>\n\t\t\t\t<div class=\"elementor-element elementor-element-e47721f elementor-widget elementor-widget-wp-widget-nav_menu\" data-id=\"e47721f\" data-element_type=\"widget\" data-e-type=\"widget\" data-settings=\"{&quot;ekit_we_effect_on&quot;:&quot;none&quot;}\" data-widget_type=\"wp-widget-nav_menu.default\">\n\t\t\t\t<div class=\"elementor-widget-container\">\n\t\t\t\t\t<div class=\"menu-services-menu-container\"><ul id=\"menu-services-menu\" class=\"menu\"><li id=\"menu-item-997\" class=\"menu-item menu-item-type-post_type menu-item-object-page menu-item-997\"><a href=\"https:\/\/capitalpropertyadvisor.co.mz\/en\/servicos\/avaliacao-de-imoveis\/\">Property Valuation<\/a><\/li>\n<li id=\"menu-item-5803\" class=\"menu-item menu-item-type-post_type menu-item-object-page menu-item-5803\"><a href=\"https:\/\/capitalpropertyadvisor.co.mz\/en\/servicos\/avaliacao-de-equipamentos\/\">Avalia\u00e7\u00e3o de Equipamentos e Maquinaria<\/a><\/li>\n<li id=\"menu-item-5802\" class=\"menu-item menu-item-type-post_type menu-item-object-page menu-item-5802\"><a href=\"https:\/\/capitalpropertyadvisor.co.mz\/en\/servicos\/avaliacao-de-activos-fixos-tangiveis\/\">Valuation of Fixed Tangible Assets<\/a><\/li>\n<li id=\"menu-item-5804\" class=\"menu-item menu-item-type-post_type menu-item-object-page menu-item-5804\"><a href=\"https:\/\/capitalpropertyadvisor.co.mz\/en\/servicos\/avaliacao-de-propriedades-agricolas-e-activos-biologicos\/\">Valuation of Agriculture Properties and Biological Assets<\/a><\/li>\n<li id=\"menu-item-5805\" class=\"menu-item menu-item-type-post_type menu-item-object-page menu-item-5805\"><a href=\"https:\/\/capitalpropertyadvisor.co.mz\/en\/servicos\/estudos-de-mercado-e-de-viabilidade\/\">Market and Feasibility Studies<\/a><\/li>\n<li id=\"menu-item-6899\" class=\"menu-item menu-item-type-post_type menu-item-object-page menu-item-6899\"><a href=\"https:\/\/capitalpropertyadvisor.co.mz\/en\/servicos\/fiscalizacao-e-consultoria-de-obra\/\">Construction Supervision and\nConsultancy<\/a><\/li>\n<\/ul><\/div>\t\t\t\t<\/div>\n\t\t\t\t<\/div>\n\t\t\t\t\t<\/div>\n\t\t<\/div>\n\t\t\t\t\t<\/div>\n\t\t<\/section>\n\t\t\t\t\t<\/div>\n\t\t<\/div>\n\t\t\t\t\t<\/div>\n\t\t<\/section>\n\t\t<div class=\"elementor-element elementor-element-bb9bc78 e-flex e-con-boxed e-con e-parent\" data-id=\"bb9bc78\" data-element_type=\"container\" data-e-type=\"container\" data-settings=\"{&quot;ekit_has_onepagescroll_dot&quot;:&quot;yes&quot;}\">\n\t\t\t\t\t<div class=\"e-con-inner\">\n\t\t\t\t<div class=\"elementor-element elementor-element-c42b0b3 elementor-widget elementor-widget-image\" data-id=\"c42b0b3\" data-element_type=\"widget\" data-e-type=\"widget\" data-settings=\"{&quot;ekit_we_effect_on&quot;:&quot;none&quot;}\" data-widget_type=\"image.default\">\n\t\t\t\t<div class=\"elementor-widget-container\">\n\t\t\t\t\t\t\t\t\t\t\t\t\t\t\t<img decoding=\"async\" src=\"https:\/\/capitalpropertyadvisor.co.mz\/wp-content\/uploads\/2025\/03\/IVSC2-RICS.png\" title=\"\" alt=\"\" loading=\"lazy\" \/>\t\t\t\t\t\t\t\t\t\t\t\t\t\t\t<\/div>\n\t\t\t\t<\/div>\n\t\t\t\t\t<\/div>\n\t\t\t\t<\/div>\n\t\t\t\t<\/div>","protected":false},"excerpt":{"rendered":"<p>Fiscaliza\u00e7\u00e3o e consultoria de obra CLIENTE: ICOR \u2013 INSTITUTO DO CORA\u00c7\u00c3O DESCRI\u00c7\u00c3O: Fiscaliza\u00e7\u00e3o de Obra para a constru\u00e7\u00e3o da Farm\u00e1cia do Hospital \u00c1REA: 94 m\u00b2 LOCALIZA\u00c7\u00c3O: Maputo CLIENTE: MORADIA MARCUS DESCRI\u00c7\u00c3O: Projecto Estrutural e de Hidr\u00e1ulica \u00c1REA: 600 m\u00b2 LOCALIZA\u00c7\u00c3O: Katembe CLIENTE: MORADIA TS DESCRI\u00c7\u00c3O: Projecto Estrutural e de Fiscaliza\u00e7\u00e3o \u00c1REA: 400 m\u00b2 LOCALIZA\u00c7\u00c3O: Maputo&#8230;<\/p>","protected":false},"author":1,"featured_media":0,"parent":6374,"menu_order":0,"comment_status":"closed","ping_status":"closed","template":"","meta":{"footnotes":""},"class_list":["post-5772","page","type-page","status-publish","hentry"],"yoast_head":"<!-- This site is optimized with the Yoast SEO plugin v27.0 - https:\/\/yoast.com\/product\/yoast-seo-wordpress\/ -->\n<title>Fiscaliza\u00e7\u00e3o e Consultoria de Obra - Capital Property Advisor - CPA<\/title>\n<meta name=\"description\" content=\"Fiscaliza\u00e7\u00e3o e consultoria de obras com precis\u00e3o, confiabilidade e padr\u00f5es internacionais de qualidade e seguran\u00e7a.\" \/>\n<meta name=\"robots\" content=\"index, follow, max-snippet:-1, max-image-preview:large, max-video-preview:-1\" \/>\n<link rel=\"canonical\" href=\"https:\/\/capitalpropertyadvisor.co.mz\/en\/servicos\/fiscalizacao-e-consultoria-de-obra\/\" \/>\n<meta property=\"og:locale\" content=\"en_US\" \/>\n<meta property=\"og:type\" content=\"article\" \/>\n<meta property=\"og:title\" content=\"Fiscaliza\u00e7\u00e3o e Consultoria de Obra - Capital Property Advisor - CPA\" \/>\n<meta property=\"og:description\" content=\"Fiscaliza\u00e7\u00e3o e consultoria de obras com precis\u00e3o, confiabilidade e padr\u00f5es internacionais de qualidade e seguran\u00e7a.\" \/>\n<meta property=\"og:url\" content=\"https:\/\/capitalpropertyadvisor.co.mz\/en\/servicos\/fiscalizacao-e-consultoria-de-obra\/\" \/>\n<meta property=\"og:site_name\" content=\"Capital Property Advisor - CPA\" \/>\n<meta property=\"article:modified_time\" content=\"2025-08-15T10:11:57+00:00\" \/>\n<meta property=\"og:image\" content=\"https:\/\/capitalpropertyadvisor.co.mz\/wp-content\/uploads\/2025\/02\/fisca.jpg\" \/>\n\t<meta property=\"og:image:width\" content=\"2095\" \/>\n\t<meta property=\"og:image:height\" content=\"1904\" \/>\n\t<meta property=\"og:image:type\" content=\"image\/jpeg\" \/>\n<meta name=\"twitter:card\" content=\"summary_large_image\" \/>\n<meta name=\"twitter:label1\" content=\"Est. reading time\" \/>\n\t<meta name=\"twitter:data1\" content=\"2 minutes\" \/>\n<script type=\"application\/ld+json\" class=\"yoast-schema-graph\">{\"@context\":\"https:\/\/schema.org\",\"@graph\":[{\"@type\":\"WebPage\",\"@id\":\"https:\/\/capitalpropertyadvisor.co.mz\/servicos\/fiscalizacao-e-consultoria-de-obra\/\",\"url\":\"https:\/\/capitalpropertyadvisor.co.mz\/servicos\/fiscalizacao-e-consultoria-de-obra\/\",\"name\":\"Fiscaliza\u00e7\u00e3o e Consultoria de Obra - Capital Property Advisor - CPA\",\"isPartOf\":{\"@id\":\"https:\/\/capitalpropertyadvisor.co.mz\/#website\"},\"primaryImageOfPage\":{\"@id\":\"https:\/\/capitalpropertyadvisor.co.mz\/servicos\/fiscalizacao-e-consultoria-de-obra\/#primaryimage\"},\"image\":{\"@id\":\"https:\/\/capitalpropertyadvisor.co.mz\/servicos\/fiscalizacao-e-consultoria-de-obra\/#primaryimage\"},\"thumbnailUrl\":\"https:\/\/capitalpropertyadvisor.co.mz\/wp-content\/uploads\/2025\/02\/fisca-1024x931.jpg\",\"datePublished\":\"2025-02-20T07:55:44+00:00\",\"dateModified\":\"2025-08-15T10:11:57+00:00\",\"description\":\"Fiscaliza\u00e7\u00e3o e consultoria de obras com precis\u00e3o, confiabilidade e padr\u00f5es internacionais de qualidade e seguran\u00e7a.\",\"breadcrumb\":{\"@id\":\"https:\/\/capitalpropertyadvisor.co.mz\/servicos\/fiscalizacao-e-consultoria-de-obra\/#breadcrumb\"},\"inLanguage\":\"en-US\",\"potentialAction\":[{\"@type\":\"ReadAction\",\"target\":[\"https:\/\/capitalpropertyadvisor.co.mz\/servicos\/fiscalizacao-e-consultoria-de-obra\/\"]}]},{\"@type\":\"ImageObject\",\"inLanguage\":\"en-US\",\"@id\":\"https:\/\/capitalpropertyadvisor.co.mz\/servicos\/fiscalizacao-e-consultoria-de-obra\/#primaryimage\",\"url\":\"https:\/\/capitalpropertyadvisor.co.mz\/wp-content\/uploads\/2025\/02\/fisca-1024x931.jpg\",\"contentUrl\":\"https:\/\/capitalpropertyadvisor.co.mz\/wp-content\/uploads\/2025\/02\/fisca-1024x931.jpg\"},{\"@type\":\"BreadcrumbList\",\"@id\":\"https:\/\/capitalpropertyadvisor.co.mz\/servicos\/fiscalizacao-e-consultoria-de-obra\/#breadcrumb\",\"itemListElement\":[{\"@type\":\"ListItem\",\"position\":1,\"name\":\"In\u00edcio\",\"item\":\"https:\/\/capitalpropertyadvisor.co.mz\/\"},{\"@type\":\"ListItem\",\"position\":2,\"name\":\"Servi\u00e7os\",\"item\":\"https:\/\/capitalpropertyadvisor.co.mz\/servicos\/\"},{\"@type\":\"ListItem\",\"position\":3,\"name\":\"Fiscaliza\u00e7\u00e3o e Consultoria de Obra\"}]},{\"@type\":\"WebSite\",\"@id\":\"https:\/\/capitalpropertyadvisor.co.mz\/#website\",\"url\":\"https:\/\/capitalpropertyadvisor.co.mz\/\",\"name\":\"Capital Property Advisor - CPA\",\"description\":\"O Valor real do seu activo come\u00e7a Aqui!\",\"publisher\":{\"@id\":\"https:\/\/capitalpropertyadvisor.co.mz\/#organization\"},\"potentialAction\":[{\"@type\":\"SearchAction\",\"target\":{\"@type\":\"EntryPoint\",\"urlTemplate\":\"https:\/\/capitalpropertyadvisor.co.mz\/?s={search_term_string}\"},\"query-input\":{\"@type\":\"PropertyValueSpecification\",\"valueRequired\":true,\"valueName\":\"search_term_string\"}}],\"inLanguage\":\"en-US\"},{\"@type\":\"Organization\",\"@id\":\"https:\/\/capitalpropertyadvisor.co.mz\/#organization\",\"name\":\"Capital Property Advisor - CPA\",\"url\":\"https:\/\/capitalpropertyadvisor.co.mz\/\",\"logo\":{\"@type\":\"ImageObject\",\"inLanguage\":\"en-US\",\"@id\":\"https:\/\/capitalpropertyadvisor.co.mz\/#\/schema\/logo\/image\/\",\"url\":\"https:\/\/capitalpropertyadvisor.co.mz\/wp-content\/uploads\/2025\/07\/LOGO.png\",\"contentUrl\":\"https:\/\/capitalpropertyadvisor.co.mz\/wp-content\/uploads\/2025\/07\/LOGO.png\",\"width\":1200,\"height\":310,\"caption\":\"Capital Property Advisor - CPA\"},\"image\":{\"@id\":\"https:\/\/capitalpropertyadvisor.co.mz\/#\/schema\/logo\/image\/\"}}]}<\/script>\n<!-- \/ Yoast SEO plugin. -->","yoast_head_json":{"title":"Fiscaliza\u00e7\u00e3o e Consultoria de Obra - Capital Property Advisor - CPA","description":"Fiscaliza\u00e7\u00e3o e consultoria de obras com precis\u00e3o, confiabilidade e padr\u00f5es internacionais de qualidade e seguran\u00e7a.","robots":{"index":"index","follow":"follow","max-snippet":"max-snippet:-1","max-image-preview":"max-image-preview:large","max-video-preview":"max-video-preview:-1"},"canonical":"https:\/\/capitalpropertyadvisor.co.mz\/en\/servicos\/fiscalizacao-e-consultoria-de-obra\/","og_locale":"en_US","og_type":"article","og_title":"Fiscaliza\u00e7\u00e3o e Consultoria de Obra - Capital Property Advisor - CPA","og_description":"Fiscaliza\u00e7\u00e3o e consultoria de obras com precis\u00e3o, confiabilidade e padr\u00f5es internacionais de qualidade e seguran\u00e7a.","og_url":"https:\/\/capitalpropertyadvisor.co.mz\/en\/servicos\/fiscalizacao-e-consultoria-de-obra\/","og_site_name":"Capital Property Advisor - CPA","article_modified_time":"2025-08-15T10:11:57+00:00","og_image":[{"width":2095,"height":1904,"url":"https:\/\/capitalpropertyadvisor.co.mz\/wp-content\/uploads\/2025\/02\/fisca.jpg","type":"image\/jpeg"}],"twitter_card":"summary_large_image","twitter_misc":{"Est. reading time":"2 minutes"},"schema":{"@context":"https:\/\/schema.org","@graph":[{"@type":"WebPage","@id":"https:\/\/capitalpropertyadvisor.co.mz\/servicos\/fiscalizacao-e-consultoria-de-obra\/","url":"https:\/\/capitalpropertyadvisor.co.mz\/servicos\/fiscalizacao-e-consultoria-de-obra\/","name":"Fiscaliza\u00e7\u00e3o e Consultoria de Obra - Capital Property Advisor - CPA","isPartOf":{"@id":"https:\/\/capitalpropertyadvisor.co.mz\/#website"},"primaryImageOfPage":{"@id":"https:\/\/capitalpropertyadvisor.co.mz\/servicos\/fiscalizacao-e-consultoria-de-obra\/#primaryimage"},"image":{"@id":"https:\/\/capitalpropertyadvisor.co.mz\/servicos\/fiscalizacao-e-consultoria-de-obra\/#primaryimage"},"thumbnailUrl":"https:\/\/capitalpropertyadvisor.co.mz\/wp-content\/uploads\/2025\/02\/fisca-1024x931.jpg","datePublished":"2025-02-20T07:55:44+00:00","dateModified":"2025-08-15T10:11:57+00:00","description":"Fiscaliza\u00e7\u00e3o e consultoria de obras com precis\u00e3o, confiabilidade e padr\u00f5es internacionais de qualidade e seguran\u00e7a.","breadcrumb":{"@id":"https:\/\/capitalpropertyadvisor.co.mz\/servicos\/fiscalizacao-e-consultoria-de-obra\/#breadcrumb"},"inLanguage":"en-US","potentialAction":[{"@type":"ReadAction","target":["https:\/\/capitalpropertyadvisor.co.mz\/servicos\/fiscalizacao-e-consultoria-de-obra\/"]}]},{"@type":"ImageObject","inLanguage":"en-US","@id":"https:\/\/capitalpropertyadvisor.co.mz\/servicos\/fiscalizacao-e-consultoria-de-obra\/#primaryimage","url":"https:\/\/capitalpropertyadvisor.co.mz\/wp-content\/uploads\/2025\/02\/fisca-1024x931.jpg","contentUrl":"https:\/\/capitalpropertyadvisor.co.mz\/wp-content\/uploads\/2025\/02\/fisca-1024x931.jpg"},{"@type":"BreadcrumbList","@id":"https:\/\/capitalpropertyadvisor.co.mz\/servicos\/fiscalizacao-e-consultoria-de-obra\/#breadcrumb","itemListElement":[{"@type":"ListItem","position":1,"name":"In\u00edcio","item":"https:\/\/capitalpropertyadvisor.co.mz\/"},{"@type":"ListItem","position":2,"name":"Servi\u00e7os","item":"https:\/\/capitalpropertyadvisor.co.mz\/servicos\/"},{"@type":"ListItem","position":3,"name":"Fiscaliza\u00e7\u00e3o e Consultoria de Obra"}]},{"@type":"WebSite","@id":"https:\/\/capitalpropertyadvisor.co.mz\/#website","url":"https:\/\/capitalpropertyadvisor.co.mz\/","name":"Capital Property Advisor - CPA","description":"O Valor real do seu activo come\u00e7a Aqui!","publisher":{"@id":"https:\/\/capitalpropertyadvisor.co.mz\/#organization"},"potentialAction":[{"@type":"SearchAction","target":{"@type":"EntryPoint","urlTemplate":"https:\/\/capitalpropertyadvisor.co.mz\/?s={search_term_string}"},"query-input":{"@type":"PropertyValueSpecification","valueRequired":true,"valueName":"search_term_string"}}],"inLanguage":"en-US"},{"@type":"Organization","@id":"https:\/\/capitalpropertyadvisor.co.mz\/#organization","name":"Capital Property Advisor - CPA","url":"https:\/\/capitalpropertyadvisor.co.mz\/","logo":{"@type":"ImageObject","inLanguage":"en-US","@id":"https:\/\/capitalpropertyadvisor.co.mz\/#\/schema\/logo\/image\/","url":"https:\/\/capitalpropertyadvisor.co.mz\/wp-content\/uploads\/2025\/07\/LOGO.png","contentUrl":"https:\/\/capitalpropertyadvisor.co.mz\/wp-content\/uploads\/2025\/07\/LOGO.png","width":1200,"height":310,"caption":"Capital Property Advisor - CPA"},"image":{"@id":"https:\/\/capitalpropertyadvisor.co.mz\/#\/schema\/logo\/image\/"}}]}},"_links":{"self":[{"href":"https:\/\/capitalpropertyadvisor.co.mz\/en\/wp-json\/wp\/v2\/pages\/5772","targetHints":{"allow":["GET"]}}],"collection":[{"href":"https:\/\/capitalpropertyadvisor.co.mz\/en\/wp-json\/wp\/v2\/pages"}],"about":[{"href":"https:\/\/capitalpropertyadvisor.co.mz\/en\/wp-json\/wp\/v2\/types\/page"}],"author":[{"embeddable":true,"href":"https:\/\/capitalpropertyadvisor.co.mz\/en\/wp-json\/wp\/v2\/users\/1"}],"replies":[{"embeddable":true,"href":"https:\/\/capitalpropertyadvisor.co.mz\/en\/wp-json\/wp\/v2\/comments?post=5772"}],"version-history":[{"count":98,"href":"https:\/\/capitalpropertyadvisor.co.mz\/en\/wp-json\/wp\/v2\/pages\/5772\/revisions"}],"predecessor-version":[{"id":7311,"href":"https:\/\/capitalpropertyadvisor.co.mz\/en\/wp-json\/wp\/v2\/pages\/5772\/revisions\/7311"}],"up":[{"embeddable":true,"href":"https:\/\/capitalpropertyadvisor.co.mz\/en\/wp-json\/wp\/v2\/pages\/6374"}],"wp:attachment":[{"href":"https:\/\/capitalpropertyadvisor.co.mz\/en\/wp-json\/wp\/v2\/media?parent=5772"}],"curies":[{"name":"wp","href":"https:\/\/api.w.org\/{rel}","templated":true}]}}