{"id":989,"date":"2025-02-10T10:20:07","date_gmt":"2025-02-10T10:20:07","guid":{"rendered":"http:\/\/localhost\/finanix\/?page_id=989"},"modified":"2025-08-15T10:24:13","modified_gmt":"2025-08-15T10:24:13","slug":"avaliacao-de-imoveis","status":"publish","type":"page","link":"https:\/\/capitalpropertyadvisor.co.mz\/en\/servicos\/avaliacao-de-imoveis\/","title":{"rendered":"Property Valuation"},"content":{"rendered":"<div data-elementor-type=\"wp-page\" data-elementor-id=\"989\" class=\"elementor elementor-989\">\n\t\t\t\t\t\t<section class=\"elementor-section elementor-top-section elementor-element elementor-element-efb4fb4 elementor-section-boxed elementor-section-height-default elementor-section-height-default\" data-id=\"efb4fb4\" data-element_type=\"section\" data-e-type=\"section\" data-settings=\"{&quot;ekit_has_onepagescroll_dot&quot;:&quot;yes&quot;}\">\n\t\t\t\t\t\t<div class=\"elementor-container elementor-column-gap-default\">\n\t\t\t\t\t<div class=\"elementor-column elementor-col-50 elementor-top-column elementor-element elementor-element-64fb94a\" data-id=\"64fb94a\" data-element_type=\"column\" data-e-type=\"column\">\n\t\t\t<div class=\"elementor-widget-wrap elementor-element-populated\">\n\t\t\t\t\t\t<div class=\"elementor-element elementor-element-6e4d450 elementor-widget elementor-widget-image\" data-id=\"6e4d450\" data-element_type=\"widget\" data-e-type=\"widget\" data-settings=\"{&quot;ekit_we_effect_on&quot;:&quot;none&quot;}\" data-widget_type=\"image.default\">\n\t\t\t\t<div class=\"elementor-widget-container\">\n\t\t\t\t\t\t\t\t\t\t\t\t\t\t\t<img fetchpriority=\"high\" decoding=\"async\" width=\"640\" height=\"343\" src=\"https:\/\/capitalpropertyadvisor.co.mz\/wp-content\/uploads\/2025\/03\/AVA-imo-1024x548.png\" class=\"attachment-large size-large wp-image-6300\" alt=\"\" srcset=\"https:\/\/capitalpropertyadvisor.co.mz\/wp-content\/uploads\/2025\/03\/AVA-imo-1024x548.png 1024w, https:\/\/capitalpropertyadvisor.co.mz\/wp-content\/uploads\/2025\/03\/AVA-imo-300x161.png 300w, https:\/\/capitalpropertyadvisor.co.mz\/wp-content\/uploads\/2025\/03\/AVA-imo-768x411.png 768w, https:\/\/capitalpropertyadvisor.co.mz\/wp-content\/uploads\/2025\/03\/AVA-imo-18x10.png 18w, https:\/\/capitalpropertyadvisor.co.mz\/wp-content\/uploads\/2025\/03\/AVA-imo.png 1169w\" sizes=\"(max-width: 640px) 100vw, 640px\" \/>\t\t\t\t\t\t\t\t\t\t\t\t\t\t\t<\/div>\n\t\t\t\t<\/div>\n\t\t\t\t<div class=\"elementor-element elementor-element-b6404fb elementor-widget__width-initial elementor-widget elementor-widget-react-heading\" data-id=\"b6404fb\" data-element_type=\"widget\" data-e-type=\"widget\" data-settings=\"{&quot;ekit_we_effect_on&quot;:&quot;none&quot;}\" data-widget_type=\"react-heading.default\">\n\t\t\t\t<div class=\"elementor-widget-container\">\n\t\t\t\t\t        <div class=\"react-heading default\">\r\n        \t<div class=\"title-inner\">        \t\t      \t\t\r\n\t            <h3 class=\"title\"><span class=\"watermark\"><\/span>Avalia\u00e7\u00e3o de im\u00f3veis<\/h3>\t        <\/div>\r\n\t                    \t<div class=\"description\">\r\n            \t\t<p class=\"mb-30\" style=\"text-align: justify\">A Capital Property Advisor conta com uma rede alargada de especialistas em avalia\u00e7\u00e3o que est\u00e3o distribu\u00eddos por todo o territ\u00f3rio nacional que garantem a capilaridade e o profundo conhecimento dos mercados ao n\u00edvel local.<br \/>A CPA disp\u00f5e de val\u00eancias e meios t\u00e9cnicos que lhe permite desenvolver relat\u00f3rios de avalia\u00e7\u00e3o de im\u00f3veis pertencentes a qualquer classe de activos, tais como:<\/p><ul><li><span style=\"color: #aa2738\"> Residential units, villas;<\/span><\/li><li><span style=\"color: #aa2738\"> Commercial units, offices, and service spaces;<\/span><\/li><li><span style=\"color: #aa2738\"> Warehouses, industrial units, and factories;<\/span><\/li><li><span style=\"color: #aa2738\"> Residential, office, and commercial developments;<\/span><\/li><li><span style=\"color: #aa2738\"> Touristic developments, hotels, lodges;<\/span><\/li><li><span style=\"color: #aa2738\"> Special properties (gas stations, hospitals, schools, churches, concessions);<\/span><\/li><li><span style=\"color: #aa2738\"> Land;<\/span><\/li><li><span style=\"color: #aa2738\"> Agricultural properties and infrastructure.<\/span><\/li><\/ul><p class=\"mb-30\" style=\"text-align: justify\">We produce valuations for several purposes, such as:<\/p><ul><li><span style=\"color: #aa2738\"> Asset valuation for companies and individuals; <\/span><\/li><li><span style=\"color: #aa2738\"> Financing\/Mortgage Credit;<\/span><\/li><li><span style=\"color: #aa2738\"> Accounting Reassessment;<\/span><\/li><li><span style=\"color: #aa2738\"> Accounting or financial reporting purposes;<\/span><\/li><li><span style=\"color: #aa2738\"> Transactions, buying and selling, mergers and acquisitions;<\/span><\/li><li><span style=\"color: #aa2738\"> Real estate project development;<\/span><\/li><li><span style=\"color: #aa2738\"> Insurance;<\/span><\/li><li><span style=\"color: #aa2738\"> Urban leasing and analysis of future rents;<\/span><\/li><li><span style=\"color: #aa2738\"> Judicial\tprocesses, asset distribution, and expropriations;<\/span><\/li><li><span style=\"color: #aa2738\"> Real estate investment funds and pensions funds;<\/span><\/li><\/ul><p class=\"mb-30\" style=\"text-align: justify\">Our services are based on criteria of quality and excellence, adhering to internationally accepted Valuation standards, such as IVSC (International Valuation Standards Council), IFRS, RICS, and TEGoVA.\nAll valuations are preceded by a site inspection, where a survey is carried out to all the characteristics of the property and surroundings that may influence the Market Value to be determined, namely, the type of construction, type of finishing, the general conditions of the property, its layout, the urban and scenic environment, etc.\nValuations can be delivered in physical (hard-copy) or digital (via e-mail) media as a Valuation report.<br \/>Todas as avalia\u00e7\u00f5es s\u00e3o precedidas de vistoria, onde se realiza o levantamento de todas as caracter\u00edsticas do im\u00f3vel e envolvente que podem influir no Valor de Mercado a determinar, nomeadamente, tipo de constru\u00e7\u00e3o, tipo de acabamentos, estado geral do im\u00f3vel, compartimenta\u00e7\u00e3o, enquadramento urbano e paisag\u00edstico, etc.<br \/>As avalia\u00e7\u00f5es poder\u00e3o ser entregues em suporte f\u00edsico (papel) ou inform\u00e1tico (via e-mail) sob a forma de relat\u00f3rio de avalia\u00e7\u00e3o.<\/p>            \t\t\r\n            \t<\/div>\r\n        \t        <\/div>\r\n        \t\t\t\t<\/div>\n\t\t\t\t<\/div>\n\t\t\t\t\t<\/div>\n\t\t<\/div>\n\t\t\t\t<div class=\"elementor-column elementor-col-50 elementor-top-column elementor-element elementor-element-78519f8\" data-id=\"78519f8\" data-element_type=\"column\" data-e-type=\"column\">\n\t\t\t<div class=\"elementor-widget-wrap elementor-element-populated\">\n\t\t\t\t\t\t<section class=\"elementor-section elementor-inner-section elementor-element elementor-element-88ddc1b elementor-section-boxed elementor-section-height-default elementor-section-height-default\" data-id=\"88ddc1b\" data-element_type=\"section\" data-e-type=\"section\" data-settings=\"{&quot;ekit_has_onepagescroll_dot&quot;:&quot;yes&quot;}\">\n\t\t\t\t\t\t<div class=\"elementor-container elementor-column-gap-default\">\n\t\t\t\t\t<div class=\"elementor-column elementor-col-100 elementor-inner-column elementor-element elementor-element-b784188\" data-id=\"b784188\" data-element_type=\"column\" data-e-type=\"column\">\n\t\t\t<div class=\"elementor-widget-wrap elementor-element-populated\">\n\t\t\t\t\t\t<div class=\"elementor-element elementor-element-c1a08bf elementor-widget elementor-widget-react-heading\" data-id=\"c1a08bf\" data-element_type=\"widget\" data-e-type=\"widget\" data-settings=\"{&quot;ekit_we_effect_on&quot;:&quot;none&quot;}\" data-widget_type=\"react-heading.default\">\n\t\t\t\t<div class=\"elementor-widget-container\">\n\t\t\t\t\t        <div class=\"react-heading style2\">\r\n        \t<div class=\"title-inner\">        \t\t      \t\t\r\n\t            <h4 class=\"title\"><span class=\"watermark\"><\/span>OUR SERVICES<\/h4>\t        <\/div>\r\n\t                <\/div>\r\n        \t\t\t\t<\/div>\n\t\t\t\t<\/div>\n\t\t\t\t<div class=\"elementor-element elementor-element-11645ec elementor-widget elementor-widget-wp-widget-nav_menu\" data-id=\"11645ec\" data-element_type=\"widget\" data-e-type=\"widget\" data-settings=\"{&quot;ekit_we_effect_on&quot;:&quot;none&quot;}\" data-widget_type=\"wp-widget-nav_menu.default\">\n\t\t\t\t<div class=\"elementor-widget-container\">\n\t\t\t\t\t<div class=\"menu-services-menu-container\"><ul id=\"menu-services-menu\" class=\"menu\"><li id=\"menu-item-997\" class=\"menu-item menu-item-type-post_type menu-item-object-page menu-item-997\"><a href=\"https:\/\/capitalpropertyadvisor.co.mz\/en\/servicos\/avaliacao-de-imoveis\/\">Property Valuation<\/a><\/li>\n<li id=\"menu-item-5803\" class=\"menu-item menu-item-type-post_type menu-item-object-page menu-item-5803\"><a href=\"https:\/\/capitalpropertyadvisor.co.mz\/en\/servicos\/avaliacao-de-equipamentos\/\">Avalia\u00e7\u00e3o de Equipamentos e Maquinaria<\/a><\/li>\n<li id=\"menu-item-5802\" class=\"menu-item menu-item-type-post_type menu-item-object-page menu-item-5802\"><a href=\"https:\/\/capitalpropertyadvisor.co.mz\/en\/servicos\/avaliacao-de-activos-fixos-tangiveis\/\">Valuation of Fixed Tangible Assets<\/a><\/li>\n<li id=\"menu-item-5804\" class=\"menu-item menu-item-type-post_type menu-item-object-page menu-item-5804\"><a href=\"https:\/\/capitalpropertyadvisor.co.mz\/en\/servicos\/avaliacao-de-propriedades-agricolas-e-activos-biologicos\/\">Valuation of Agriculture Properties and Biological Assets<\/a><\/li>\n<li id=\"menu-item-5805\" class=\"menu-item menu-item-type-post_type menu-item-object-page menu-item-5805\"><a href=\"https:\/\/capitalpropertyadvisor.co.mz\/en\/servicos\/estudos-de-mercado-e-de-viabilidade\/\">Market and Feasibility Studies<\/a><\/li>\n<li id=\"menu-item-6899\" class=\"menu-item menu-item-type-post_type menu-item-object-page menu-item-6899\"><a href=\"https:\/\/capitalpropertyadvisor.co.mz\/en\/servicos\/fiscalizacao-e-consultoria-de-obra\/\">Construction Supervision and\nConsultancy<\/a><\/li>\n<\/ul><\/div>\t\t\t\t<\/div>\n\t\t\t\t<\/div>\n\t\t\t\t\t<\/div>\n\t\t<\/div>\n\t\t\t\t\t<\/div>\n\t\t<\/section>\n\t\t\t\t\t<\/div>\n\t\t<\/div>\n\t\t\t\t\t<\/div>\n\t\t<\/section>\n\t\t<div class=\"elementor-element elementor-element-d2d809f e-flex e-con-boxed e-con e-parent\" data-id=\"d2d809f\" data-element_type=\"container\" data-e-type=\"container\" data-settings=\"{&quot;ekit_has_onepagescroll_dot&quot;:&quot;yes&quot;}\">\n\t\t\t\t\t<div class=\"e-con-inner\">\n\t\t\t\t<div class=\"elementor-element elementor-element-96d0e60 elementor-widget elementor-widget-image\" data-id=\"96d0e60\" data-element_type=\"widget\" data-e-type=\"widget\" data-settings=\"{&quot;ekit_we_effect_on&quot;:&quot;none&quot;}\" data-widget_type=\"image.default\">\n\t\t\t\t<div class=\"elementor-widget-container\">\n\t\t\t\t\t\t\t\t\t\t\t\t\t\t\t<img decoding=\"async\" src=\"https:\/\/capitalpropertyadvisor.co.mz\/wp-content\/uploads\/2025\/03\/IVSC2-RICS.png\" title=\"\" alt=\"\" loading=\"lazy\" \/>\t\t\t\t\t\t\t\t\t\t\t\t\t\t\t<\/div>\n\t\t\t\t<\/div>\n\t\t\t\t\t<\/div>\n\t\t\t\t<\/div>\n\t\t\t\t<\/div>","protected":false},"excerpt":{"rendered":"<p>Avalia\u00e7\u00e3o de im\u00f3veis A Capital Property Advisor conta com uma rede alargada de especialistas em avalia\u00e7\u00e3o que est\u00e3o distribu\u00eddos por todo o territ\u00f3rio nacional que garantem a capilaridade e o profundo conhecimento dos mercados ao n\u00edvel local.A CPA disp\u00f5e de val\u00eancias e meios t\u00e9cnicos que lhe permite desenvolver relat\u00f3rios de avalia\u00e7\u00e3o de im\u00f3veis pertencentes a&#8230;<\/p>","protected":false},"author":1,"featured_media":6957,"parent":6374,"menu_order":0,"comment_status":"closed","ping_status":"closed","template":"","meta":{"footnotes":""},"class_list":["post-989","page","type-page","status-publish","has-post-thumbnail","hentry"],"yoast_head":"<!-- This site is optimized with the Yoast SEO plugin v27.0 - https:\/\/yoast.com\/product\/yoast-seo-wordpress\/ -->\n<title>Avalia\u00e7\u00e3o de Im\u00f3veis - Capital Property Advisor - CPA<\/title>\n<meta name=\"description\" content=\"Avalia\u00e7\u00e3o de im\u00f3veis residenciais, comerciais e industriais com padr\u00f5es internacionais, m\u00e1xima precis\u00e3o e total confiabilidade.\" \/>\n<meta name=\"robots\" content=\"index, follow, max-snippet:-1, max-image-preview:large, max-video-preview:-1\" \/>\n<link rel=\"canonical\" href=\"https:\/\/capitalpropertyadvisor.co.mz\/en\/servicos\/avaliacao-de-imoveis\/\" \/>\n<meta property=\"og:locale\" content=\"en_US\" \/>\n<meta property=\"og:type\" content=\"article\" \/>\n<meta property=\"og:title\" content=\"Avalia\u00e7\u00e3o de Im\u00f3veis - Capital Property Advisor - CPA\" \/>\n<meta property=\"og:description\" content=\"Avalia\u00e7\u00e3o de im\u00f3veis residenciais, comerciais e industriais com padr\u00f5es internacionais, m\u00e1xima precis\u00e3o e total confiabilidade.\" \/>\n<meta property=\"og:url\" content=\"https:\/\/capitalpropertyadvisor.co.mz\/en\/servicos\/avaliacao-de-imoveis\/\" \/>\n<meta property=\"og:site_name\" content=\"Capital Property Advisor - CPA\" \/>\n<meta property=\"article:modified_time\" content=\"2025-08-15T10:24:13+00:00\" \/>\n<meta property=\"og:image\" content=\"https:\/\/capitalpropertyadvisor.co.mz\/wp-content\/uploads\/2025\/08\/LOGO2-4.png\" \/>\n\t<meta property=\"og:image:width\" content=\"1359\" \/>\n\t<meta property=\"og:image:height\" content=\"438\" \/>\n\t<meta property=\"og:image:type\" content=\"image\/png\" \/>\n<meta name=\"twitter:card\" content=\"summary_large_image\" \/>\n<meta name=\"twitter:label1\" content=\"Est. reading time\" \/>\n\t<meta name=\"twitter:data1\" content=\"2 minutes\" \/>\n<script type=\"application\/ld+json\" class=\"yoast-schema-graph\">{\"@context\":\"https:\/\/schema.org\",\"@graph\":[{\"@type\":\"WebPage\",\"@id\":\"https:\/\/capitalpropertyadvisor.co.mz\/servicos\/avaliacao-de-imoveis\/\",\"url\":\"https:\/\/capitalpropertyadvisor.co.mz\/servicos\/avaliacao-de-imoveis\/\",\"name\":\"Avalia\u00e7\u00e3o de Im\u00f3veis - Capital Property Advisor - CPA\",\"isPartOf\":{\"@id\":\"https:\/\/capitalpropertyadvisor.co.mz\/#website\"},\"primaryImageOfPage\":{\"@id\":\"https:\/\/capitalpropertyadvisor.co.mz\/servicos\/avaliacao-de-imoveis\/#primaryimage\"},\"image\":{\"@id\":\"https:\/\/capitalpropertyadvisor.co.mz\/servicos\/avaliacao-de-imoveis\/#primaryimage\"},\"thumbnailUrl\":\"https:\/\/capitalpropertyadvisor.co.mz\/wp-content\/uploads\/2025\/08\/LOGO2-4.png\",\"datePublished\":\"2025-02-10T10:20:07+00:00\",\"dateModified\":\"2025-08-15T10:24:13+00:00\",\"description\":\"Avalia\u00e7\u00e3o de im\u00f3veis residenciais, comerciais e industriais com padr\u00f5es internacionais, m\u00e1xima precis\u00e3o e total confiabilidade.\",\"breadcrumb\":{\"@id\":\"https:\/\/capitalpropertyadvisor.co.mz\/servicos\/avaliacao-de-imoveis\/#breadcrumb\"},\"inLanguage\":\"en-US\",\"potentialAction\":[{\"@type\":\"ReadAction\",\"target\":[\"https:\/\/capitalpropertyadvisor.co.mz\/servicos\/avaliacao-de-imoveis\/\"]}]},{\"@type\":\"ImageObject\",\"inLanguage\":\"en-US\",\"@id\":\"https:\/\/capitalpropertyadvisor.co.mz\/servicos\/avaliacao-de-imoveis\/#primaryimage\",\"url\":\"https:\/\/capitalpropertyadvisor.co.mz\/wp-content\/uploads\/2025\/08\/LOGO2-4.png\",\"contentUrl\":\"https:\/\/capitalpropertyadvisor.co.mz\/wp-content\/uploads\/2025\/08\/LOGO2-4.png\",\"width\":1359,\"height\":438},{\"@type\":\"BreadcrumbList\",\"@id\":\"https:\/\/capitalpropertyadvisor.co.mz\/servicos\/avaliacao-de-imoveis\/#breadcrumb\",\"itemListElement\":[{\"@type\":\"ListItem\",\"position\":1,\"name\":\"In\u00edcio\",\"item\":\"https:\/\/capitalpropertyadvisor.co.mz\/\"},{\"@type\":\"ListItem\",\"position\":2,\"name\":\"Servi\u00e7os\",\"item\":\"https:\/\/capitalpropertyadvisor.co.mz\/servicos\/\"},{\"@type\":\"ListItem\",\"position\":3,\"name\":\"Avalia\u00e7\u00e3o de Im\u00f3veis\"}]},{\"@type\":\"WebSite\",\"@id\":\"https:\/\/capitalpropertyadvisor.co.mz\/#website\",\"url\":\"https:\/\/capitalpropertyadvisor.co.mz\/\",\"name\":\"Capital Property Advisor - CPA\",\"description\":\"O Valor real do seu activo come\u00e7a Aqui!\",\"publisher\":{\"@id\":\"https:\/\/capitalpropertyadvisor.co.mz\/#organization\"},\"potentialAction\":[{\"@type\":\"SearchAction\",\"target\":{\"@type\":\"EntryPoint\",\"urlTemplate\":\"https:\/\/capitalpropertyadvisor.co.mz\/?s={search_term_string}\"},\"query-input\":{\"@type\":\"PropertyValueSpecification\",\"valueRequired\":true,\"valueName\":\"search_term_string\"}}],\"inLanguage\":\"en-US\"},{\"@type\":\"Organization\",\"@id\":\"https:\/\/capitalpropertyadvisor.co.mz\/#organization\",\"name\":\"Capital Property Advisor - CPA\",\"url\":\"https:\/\/capitalpropertyadvisor.co.mz\/\",\"logo\":{\"@type\":\"ImageObject\",\"inLanguage\":\"en-US\",\"@id\":\"https:\/\/capitalpropertyadvisor.co.mz\/#\/schema\/logo\/image\/\",\"url\":\"https:\/\/capitalpropertyadvisor.co.mz\/wp-content\/uploads\/2025\/07\/LOGO.png\",\"contentUrl\":\"https:\/\/capitalpropertyadvisor.co.mz\/wp-content\/uploads\/2025\/07\/LOGO.png\",\"width\":1200,\"height\":310,\"caption\":\"Capital Property Advisor - CPA\"},\"image\":{\"@id\":\"https:\/\/capitalpropertyadvisor.co.mz\/#\/schema\/logo\/image\/\"}}]}<\/script>\n<!-- \/ Yoast SEO plugin. -->","yoast_head_json":{"title":"Avalia\u00e7\u00e3o de Im\u00f3veis - Capital Property Advisor - CPA","description":"Avalia\u00e7\u00e3o de im\u00f3veis residenciais, comerciais e industriais com padr\u00f5es internacionais, m\u00e1xima precis\u00e3o e total confiabilidade.","robots":{"index":"index","follow":"follow","max-snippet":"max-snippet:-1","max-image-preview":"max-image-preview:large","max-video-preview":"max-video-preview:-1"},"canonical":"https:\/\/capitalpropertyadvisor.co.mz\/en\/servicos\/avaliacao-de-imoveis\/","og_locale":"en_US","og_type":"article","og_title":"Avalia\u00e7\u00e3o de Im\u00f3veis - Capital Property Advisor - CPA","og_description":"Avalia\u00e7\u00e3o de im\u00f3veis residenciais, comerciais e industriais com padr\u00f5es internacionais, m\u00e1xima precis\u00e3o e total confiabilidade.","og_url":"https:\/\/capitalpropertyadvisor.co.mz\/en\/servicos\/avaliacao-de-imoveis\/","og_site_name":"Capital Property Advisor - CPA","article_modified_time":"2025-08-15T10:24:13+00:00","og_image":[{"width":1359,"height":438,"url":"https:\/\/capitalpropertyadvisor.co.mz\/wp-content\/uploads\/2025\/08\/LOGO2-4.png","type":"image\/png"}],"twitter_card":"summary_large_image","twitter_misc":{"Est. reading time":"2 minutes"},"schema":{"@context":"https:\/\/schema.org","@graph":[{"@type":"WebPage","@id":"https:\/\/capitalpropertyadvisor.co.mz\/servicos\/avaliacao-de-imoveis\/","url":"https:\/\/capitalpropertyadvisor.co.mz\/servicos\/avaliacao-de-imoveis\/","name":"Avalia\u00e7\u00e3o de Im\u00f3veis - Capital Property Advisor - CPA","isPartOf":{"@id":"https:\/\/capitalpropertyadvisor.co.mz\/#website"},"primaryImageOfPage":{"@id":"https:\/\/capitalpropertyadvisor.co.mz\/servicos\/avaliacao-de-imoveis\/#primaryimage"},"image":{"@id":"https:\/\/capitalpropertyadvisor.co.mz\/servicos\/avaliacao-de-imoveis\/#primaryimage"},"thumbnailUrl":"https:\/\/capitalpropertyadvisor.co.mz\/wp-content\/uploads\/2025\/08\/LOGO2-4.png","datePublished":"2025-02-10T10:20:07+00:00","dateModified":"2025-08-15T10:24:13+00:00","description":"Avalia\u00e7\u00e3o de im\u00f3veis residenciais, comerciais e industriais com padr\u00f5es internacionais, m\u00e1xima precis\u00e3o e total confiabilidade.","breadcrumb":{"@id":"https:\/\/capitalpropertyadvisor.co.mz\/servicos\/avaliacao-de-imoveis\/#breadcrumb"},"inLanguage":"en-US","potentialAction":[{"@type":"ReadAction","target":["https:\/\/capitalpropertyadvisor.co.mz\/servicos\/avaliacao-de-imoveis\/"]}]},{"@type":"ImageObject","inLanguage":"en-US","@id":"https:\/\/capitalpropertyadvisor.co.mz\/servicos\/avaliacao-de-imoveis\/#primaryimage","url":"https:\/\/capitalpropertyadvisor.co.mz\/wp-content\/uploads\/2025\/08\/LOGO2-4.png","contentUrl":"https:\/\/capitalpropertyadvisor.co.mz\/wp-content\/uploads\/2025\/08\/LOGO2-4.png","width":1359,"height":438},{"@type":"BreadcrumbList","@id":"https:\/\/capitalpropertyadvisor.co.mz\/servicos\/avaliacao-de-imoveis\/#breadcrumb","itemListElement":[{"@type":"ListItem","position":1,"name":"In\u00edcio","item":"https:\/\/capitalpropertyadvisor.co.mz\/"},{"@type":"ListItem","position":2,"name":"Servi\u00e7os","item":"https:\/\/capitalpropertyadvisor.co.mz\/servicos\/"},{"@type":"ListItem","position":3,"name":"Avalia\u00e7\u00e3o de Im\u00f3veis"}]},{"@type":"WebSite","@id":"https:\/\/capitalpropertyadvisor.co.mz\/#website","url":"https:\/\/capitalpropertyadvisor.co.mz\/","name":"Capital Property Advisor - CPA","description":"O Valor real do seu activo come\u00e7a Aqui!","publisher":{"@id":"https:\/\/capitalpropertyadvisor.co.mz\/#organization"},"potentialAction":[{"@type":"SearchAction","target":{"@type":"EntryPoint","urlTemplate":"https:\/\/capitalpropertyadvisor.co.mz\/?s={search_term_string}"},"query-input":{"@type":"PropertyValueSpecification","valueRequired":true,"valueName":"search_term_string"}}],"inLanguage":"en-US"},{"@type":"Organization","@id":"https:\/\/capitalpropertyadvisor.co.mz\/#organization","name":"Capital Property Advisor - CPA","url":"https:\/\/capitalpropertyadvisor.co.mz\/","logo":{"@type":"ImageObject","inLanguage":"en-US","@id":"https:\/\/capitalpropertyadvisor.co.mz\/#\/schema\/logo\/image\/","url":"https:\/\/capitalpropertyadvisor.co.mz\/wp-content\/uploads\/2025\/07\/LOGO.png","contentUrl":"https:\/\/capitalpropertyadvisor.co.mz\/wp-content\/uploads\/2025\/07\/LOGO.png","width":1200,"height":310,"caption":"Capital Property Advisor - CPA"},"image":{"@id":"https:\/\/capitalpropertyadvisor.co.mz\/#\/schema\/logo\/image\/"}}]}},"_links":{"self":[{"href":"https:\/\/capitalpropertyadvisor.co.mz\/en\/wp-json\/wp\/v2\/pages\/989","targetHints":{"allow":["GET"]}}],"collection":[{"href":"https:\/\/capitalpropertyadvisor.co.mz\/en\/wp-json\/wp\/v2\/pages"}],"about":[{"href":"https:\/\/capitalpropertyadvisor.co.mz\/en\/wp-json\/wp\/v2\/types\/page"}],"author":[{"embeddable":true,"href":"https:\/\/capitalpropertyadvisor.co.mz\/en\/wp-json\/wp\/v2\/users\/1"}],"replies":[{"embeddable":true,"href":"https:\/\/capitalpropertyadvisor.co.mz\/en\/wp-json\/wp\/v2\/comments?post=989"}],"version-history":[{"count":87,"href":"https:\/\/capitalpropertyadvisor.co.mz\/en\/wp-json\/wp\/v2\/pages\/989\/revisions"}],"predecessor-version":[{"id":7332,"href":"https:\/\/capitalpropertyadvisor.co.mz\/en\/wp-json\/wp\/v2\/pages\/989\/revisions\/7332"}],"up":[{"embeddable":true,"href":"https:\/\/capitalpropertyadvisor.co.mz\/en\/wp-json\/wp\/v2\/pages\/6374"}],"wp:featuredmedia":[{"embeddable":true,"href":"https:\/\/capitalpropertyadvisor.co.mz\/en\/wp-json\/wp\/v2\/media\/6957"}],"wp:attachment":[{"href":"https:\/\/capitalpropertyadvisor.co.mz\/en\/wp-json\/wp\/v2\/media?parent=989"}],"curies":[{"name":"wp","href":"https:\/\/api.w.org\/{rel}","templated":true}]}}